{"id":6493,"date":"2015-05-11T11:56:24","date_gmt":"2015-05-11T10:56:24","guid":{"rendered":"http:\/\/moianesturisme.cat\/fr\/que-puc-fer\/"},"modified":"2019-05-24T18:16:19","modified_gmt":"2019-05-24T17:16:19","slug":"que-faire","status":"publish","type":"page","link":"https:\/\/moianesturisme.cat\/fr\/que-faire\/","title":{"rendered":"Que faire"},"content":{"rendered":"<div class=\"wpb-content-wrapper\">[vc_row][vc_column][vc_column_text el_class=\u00a0\u00bbintro\u00a0\u00bb]\n<p style=\"text-align: left;\">Dans le Moian\u00e8s, vous trouverez aussi sport, aventure, monde automobile, culture, tranquillit\u00e9&#8230; Sa situation privil\u00e9gi\u00e9e, proche des grandes villes tout en en \u00e9tant suffisamment \u00e9loign\u00e9e, permet au visiteur de s&rsquo;\u00e9vader au milieu des bois et de la nature ou bien encore de fl\u00e2ner dans les villages, leurs rues et leurs boutiques.<\/p>\n<p style=\"text-align: left;\">Vous pourrez vous y promener \u00e0 cheval, \u00e0 bicyclette ou \u00e0 pied; prendre des cours de saut d&rsquo;obstacles ou de dressage; contempler le paysage depuis le ciel en ULM; jouer au golf, faire du super cross, du motocross ou du trial sur le circuit vert; faire des activit\u00e9s extrascolaires et de loisir; vous plonger dans la pr\u00e9histoire; suivre la Ronda du Moian\u00e8s (itin\u00e9raire circulaire &#8211; GR177); d\u00e9couvrir o\u00f9 v\u00e9curent Enric Prat de la Riba et Rafael Casanova ou encore les moines augustins&#8230;<\/p>\n[\/vc_column_text][vc_empty_space][\/vc_column][\/vc_row][vc_row][vc_column][vc_custom_heading source=\u00a0\u00bbpost_title\u00a0\u00bb font_container=\u00a0\u00bbtag:h1|text_align:left\u00a0\u00bb use_theme_fonts=\u00a0\u00bbyes\u00a0\u00bb el_class=\u00a0\u00bbportfolio\u00a0\u00bb][vc_separator][vc_basic_grid post_type=\u00a0\u00bbproject\u00a0\u00bb max_items=\u00a0\u00bb\u00a0\u00bb show_filter=\u00a0\u00bbyes\u00a0\u00bb element_width=\u00a0\u00bb3&Prime; orderby=\u00a0\u00bbtitle\u00a0\u00bb order=\u00a0\u00bbASC\u00a0\u00bb filter_style=\u00a0\u00bbbordered-rounded\u00a0\u00bb item=\u00a0\u00bb10741&Prime; grid_id=\u00a0\u00bbvc_gid:1558718024196-92e30b0e-d173-6&Prime; taxonomies=\u00a0\u00bb28&Prime; filter_source=\u00a0\u00bbfilter-portfolio\u00a0\u00bb][\/vc_column][\/vc_row][vc_row][vc_column][vc_empty_space height=\u00a0\u00bb100px\u00a0\u00bb][\/vc_column][\/vc_row]\n<\/div>","protected":false},"excerpt":{"rendered":"<p>[vc_row][vc_column][vc_column_text el_class=\u00a0\u00bbintro\u00a0\u00bb] Dans le Moian\u00e8s, vous trouverez aussi sport, aventure, monde automobile, culture, tranquillit\u00e9&#8230; Sa situation privil\u00e9gi\u00e9e, proche des grandes villes tout en en \u00e9tant suffisamment \u00e9loign\u00e9e, permet au visiteur de s&rsquo;\u00e9vader au milieu des bois et de la nature ou bien encore de fl\u00e2ner dans les villages, leurs rues et leurs boutiques. Vous pourrez [&hellip;]<\/p>\n","protected":false},"author":1,"featured_media":0,"parent":0,"menu_order":3,"comment_status":"closed","ping_status":"closed","template":"page-templates\/page-content-home.php","meta":{"_acf_changed":false,"_monsterinsights_skip_tracking":false,"_monsterinsights_sitenote_active":false,"_monsterinsights_sitenote_note":"","_monsterinsights_sitenote_category":0,"footnotes":""},"class_list":["post-6493","page","type-page","status-publish","hentry"],"acf":[],"_links":{"self":[{"href":"https:\/\/moianesturisme.cat\/fr\/wp-json\/wp\/v2\/pages\/6493","targetHints":{"allow":["GET"]}}],"collection":[{"href":"https:\/\/moianesturisme.cat\/fr\/wp-json\/wp\/v2\/pages"}],"about":[{"href":"https:\/\/moianesturisme.cat\/fr\/wp-json\/wp\/v2\/types\/page"}],"author":[{"embeddable":true,"href":"https:\/\/moianesturisme.cat\/fr\/wp-json\/wp\/v2\/users\/1"}],"replies":[{"embeddable":true,"href":"https:\/\/moianesturisme.cat\/fr\/wp-json\/wp\/v2\/comments?post=6493"}],"version-history":[{"count":7,"href":"https:\/\/moianesturisme.cat\/fr\/wp-json\/wp\/v2\/pages\/6493\/revisions"}],"predecessor-version":[{"id":11670,"href":"https:\/\/moianesturisme.cat\/fr\/wp-json\/wp\/v2\/pages\/6493\/revisions\/11670"}],"wp:attachment":[{"href":"https:\/\/moianesturisme.cat\/fr\/wp-json\/wp\/v2\/media?parent=6493"}],"curies":[{"name":"wp","href":"https:\/\/api.w.org\/{rel}","templated":true}]}}