{"id":6490,"date":"2015-06-18T13:51:33","date_gmt":"2015-06-18T12:51:33","guid":{"rendered":"http:\/\/moianesturisme.cat\/fr\/productes-de-la-terra\/"},"modified":"2019-05-24T18:22:14","modified_gmt":"2019-05-24T17:22:14","slug":"produits-du-terroir","status":"publish","type":"page","link":"https:\/\/moianesturisme.cat\/fr\/produits-du-terroir\/","title":{"rendered":"Produits du terroir"},"content":{"rendered":"<div class=\"wpb-content-wrapper\">[vc_row][vc_column][vc_column_text el_class=\u00a0\u00bbintro\u00a0\u00bb]\n<p style=\"text-align: left;\">La production agroalimentaire tient une place de plus en plus importante dans le Moian\u00e8s\u00a0: depuis les exploitations agricoles et d&rsquo;\u00e9levage qui produisent veau, porc, volaille \u2013 conventionnelles ou \u00e9cologiques \u2013 en passant par la grande tradition de charcutiers, boulangers, p\u00e2tissiers, chocolatiers, fromagers et fabricants de produits d\u00e9riv\u00e9s du soja, jusqu&rsquo;aux distributeurs et restaurateurs sp\u00e9cialis\u00e9s dans ces produits de qualit\u00e9.<\/p>\n<p style=\"text-align: left;\">La marque <strong>El Moian\u00e8s ve de gust<\/strong> (<em>Laissez-vous tenter par le Moian\u00e8s\u00a0!<\/em>) \u2013 cr\u00e9\u00e9e par le Consorci del Moian\u00e8s, a permis ces derni\u00e8res ann\u00e9es que les produits de notre r\u00e9gion et les plats qui en d\u00e9rivent soient devenus un \u00e9l\u00e9ment touristique important et un stimulateur \u00e9conomique pour les communes du Moian\u00e8s. C&rsquo;est autour de ses produits de qualit\u00e9 du terroir qu&rsquo;a \u00e9t\u00e9 cr\u00e9\u00e9e la campagne <strong>Tasta&rsquo;m.<\/strong> (<em>Go\u00fbte-moi !<\/em>)<\/p>\n<p style=\"text-align: left;\"><strong>Tasta&rsquo;m <\/strong>est une mani\u00e8re de mieux conna\u00eetre les produits du Moian\u00e8s.<br \/>\n<strong>Tasta&rsquo;m <\/strong>est un outil au service des producteurs agricoles et des m\u00e9tiers de l&rsquo;alimentation.<br \/>\n<strong>Tasta&rsquo;m <\/strong>est une fa\u00e7on de comprendre la relation entre le producteur et le consommateur.<br \/>\n<strong>Tasta&rsquo;m <\/strong>est un cadre qui permet de servir les produits d&rsquo;excellence \u00e0 la table gastronomique.<br \/>\n<strong>Tasta&rsquo;m <\/strong>est une exp\u00e9rience qui vous tente et vous parle du Moian\u00e8s.<br \/>\n<strong>Tasta&rsquo;m <\/strong>est une campagne propos\u00e9e par le Consorci del Moian\u00e8s.<\/p>\n<p style=\"text-align: left;\">Dans le cadre de la campagne <strong>Tasta&rsquo;m <\/strong>nous vous pr\u00e9sentons ce catalogue de producteurs, \u00e9laborateurs et distributeurs du Moian\u00e8s, o\u00f9 vous pourrez trouver des renseignements basiques sur chacun d&rsquo;eux, class\u00e9s par commune.<\/p>\n[\/vc_column_text][\/vc_column][\/vc_row][vc_row][vc_column][vc_custom_heading source=\u00a0\u00bbpost_title\u00a0\u00bb font_container=\u00a0\u00bbtag:h1|text_align:left\u00a0\u00bb use_theme_fonts=\u00a0\u00bbyes\u00a0\u00bb el_class=\u00a0\u00bbportfolio\u00a0\u00bb][vc_separator][vc_basic_grid post_type=\u00a0\u00bbproject\u00a0\u00bb max_items=\u00a0\u00bb\u00a0\u00bb show_filter=\u00a0\u00bbyes\u00a0\u00bb element_width=\u00a0\u00bb3&Prime; orderby=\u00a0\u00bbtitle\u00a0\u00bb order=\u00a0\u00bbASC\u00a0\u00bb filter_style=\u00a0\u00bbbordered-rounded\u00a0\u00bb item=\u00a0\u00bb10741&Prime; grid_id=\u00a0\u00bbvc_gid:1558718493560-b8aaa950-dabb-5&Prime; taxonomies=\u00a0\u00bb473&Prime; filter_source=\u00a0\u00bbfilter-portfolio\u00a0\u00bb][\/vc_column][\/vc_row][vc_row][vc_column][vc_empty_space height=\u00a0\u00bb100px\u00a0\u00bb][\/vc_column][\/vc_row]\n<\/div>","protected":false},"excerpt":{"rendered":"<p>[vc_row][vc_column][vc_column_text el_class=\u00a0\u00bbintro\u00a0\u00bb] La production agroalimentaire tient une place de plus en plus importante dans le Moian\u00e8s\u00a0: depuis les exploitations agricoles et d&rsquo;\u00e9levage qui produisent veau, porc, volaille \u2013 conventionnelles ou \u00e9cologiques \u2013 en passant par la grande tradition de charcutiers, boulangers, p\u00e2tissiers, chocolatiers, fromagers et fabricants de produits d\u00e9riv\u00e9s du soja, jusqu&rsquo;aux distributeurs et restaurateurs [&hellip;]<\/p>\n","protected":false},"author":1,"featured_media":0,"parent":0,"menu_order":11,"comment_status":"closed","ping_status":"closed","template":"page-templates\/page-content-home.php","meta":{"_acf_changed":false,"_monsterinsights_skip_tracking":false,"_monsterinsights_sitenote_active":false,"_monsterinsights_sitenote_note":"","_monsterinsights_sitenote_category":0,"footnotes":""},"class_list":["post-6490","page","type-page","status-publish","hentry"],"acf":[],"_links":{"self":[{"href":"https:\/\/moianesturisme.cat\/fr\/wp-json\/wp\/v2\/pages\/6490","targetHints":{"allow":["GET"]}}],"collection":[{"href":"https:\/\/moianesturisme.cat\/fr\/wp-json\/wp\/v2\/pages"}],"about":[{"href":"https:\/\/moianesturisme.cat\/fr\/wp-json\/wp\/v2\/types\/page"}],"author":[{"embeddable":true,"href":"https:\/\/moianesturisme.cat\/fr\/wp-json\/wp\/v2\/users\/1"}],"replies":[{"embeddable":true,"href":"https:\/\/moianesturisme.cat\/fr\/wp-json\/wp\/v2\/comments?post=6490"}],"version-history":[{"count":10,"href":"https:\/\/moianesturisme.cat\/fr\/wp-json\/wp\/v2\/pages\/6490\/revisions"}],"predecessor-version":[{"id":11679,"href":"https:\/\/moianesturisme.cat\/fr\/wp-json\/wp\/v2\/pages\/6490\/revisions\/11679"}],"wp:attachment":[{"href":"https:\/\/moianesturisme.cat\/fr\/wp-json\/wp\/v2\/media?parent=6490"}],"curies":[{"name":"wp","href":"https:\/\/api.w.org\/{rel}","templated":true}]}}