{"id":6487,"date":"2015-05-11T11:56:38","date_gmt":"2015-05-11T10:56:38","guid":{"rendered":"http:\/\/moianesturisme.cat\/fr\/on-menjar\/"},"modified":"2019-05-24T18:33:09","modified_gmt":"2019-05-24T17:33:09","slug":"ou-manger","status":"publish","type":"page","link":"https:\/\/moianesturisme.cat\/fr\/ou-manger\/","title":{"rendered":"O\u00f9 manger"},"content":{"rendered":"<div class=\"wpb-content-wrapper\">[vc_row][vc_column][vc_column_text el_class=\u00a0\u00bbintro\u00a0\u00bb]\n<p style=\"text-align: left;\">Parler du Moian\u00e8s, c&rsquo;est parler de sa cuisine. Elle allie les meilleurs ingr\u00e9dients \u00e0 de nombreuses mani\u00e8res de les cuisiner pour vous offrir une immense vari\u00e9t\u00e9 de recettes, \u00e9labor\u00e9es par des chefs qui attachent une attention particuli\u00e8re au d\u00e9tail et restent fid\u00e8les \u00e0 l&rsquo;esprit des traditions culinaires locales.<\/p>\n[\/vc_column_text][vc_empty_space][\/vc_column][\/vc_row][vc_row][vc_column][vc_custom_heading source=\u00a0\u00bbpost_title\u00a0\u00bb font_container=\u00a0\u00bbtag:h1|text_align:left\u00a0\u00bb use_theme_fonts=\u00a0\u00bbyes\u00a0\u00bb el_class=\u00a0\u00bbportfolio\u00a0\u00bb][vc_separator][vc_basic_grid post_type=\u00a0\u00bbproject\u00a0\u00bb max_items=\u00a0\u00bb\u00a0\u00bb show_filter=\u00a0\u00bbyes\u00a0\u00bb element_width=\u00a0\u00bb3&Prime; orderby=\u00a0\u00bbtitle\u00a0\u00bb order=\u00a0\u00bbASC\u00a0\u00bb filter_style=\u00a0\u00bbbordered-rounded\u00a0\u00bb item=\u00a0\u00bb10741&Prime; grid_id=\u00a0\u00bbvc_gid:1558719109389-1e8ff2c9-bc8c-5&Prime; taxonomies=\u00a0\u00bb478&Prime; filter_source=\u00a0\u00bbfilter-portfolio\u00a0\u00bb][\/vc_column][\/vc_row][vc_row][vc_column][vc_empty_space height=\u00a0\u00bb100px\u00a0\u00bb][\/vc_column][\/vc_row]\n<\/div>","protected":false},"excerpt":{"rendered":"<p>[vc_row][vc_column][vc_column_text el_class=\u00a0\u00bbintro\u00a0\u00bb] Parler du Moian\u00e8s, c&rsquo;est parler de sa cuisine. Elle allie les meilleurs ingr\u00e9dients \u00e0 de nombreuses mani\u00e8res de les cuisiner pour vous offrir une immense vari\u00e9t\u00e9 de recettes, \u00e9labor\u00e9es par des chefs qui attachent une attention particuli\u00e8re au d\u00e9tail et restent fid\u00e8les \u00e0 l&rsquo;esprit des traditions culinaires locales. [\/vc_column_text][vc_empty_space][\/vc_column][\/vc_row][vc_row][vc_column][vc_custom_heading source=\u00a0\u00bbpost_title\u00a0\u00bb font_container=\u00a0\u00bbtag:h1|text_align:left\u00a0\u00bb use_theme_fonts=\u00a0\u00bbyes\u00a0\u00bb el_class=\u00a0\u00bbportfolio\u00a0\u00bb][vc_separator][vc_basic_grid [&hellip;]<\/p>\n","protected":false},"author":1,"featured_media":0,"parent":0,"menu_order":4,"comment_status":"closed","ping_status":"closed","template":"page-templates\/page-content-home.php","meta":{"_acf_changed":false,"_monsterinsights_skip_tracking":false,"_monsterinsights_sitenote_active":false,"_monsterinsights_sitenote_note":"","_monsterinsights_sitenote_category":0,"footnotes":""},"class_list":["post-6487","page","type-page","status-publish","hentry"],"acf":[],"_links":{"self":[{"href":"https:\/\/moianesturisme.cat\/fr\/wp-json\/wp\/v2\/pages\/6487","targetHints":{"allow":["GET"]}}],"collection":[{"href":"https:\/\/moianesturisme.cat\/fr\/wp-json\/wp\/v2\/pages"}],"about":[{"href":"https:\/\/moianesturisme.cat\/fr\/wp-json\/wp\/v2\/types\/page"}],"author":[{"embeddable":true,"href":"https:\/\/moianesturisme.cat\/fr\/wp-json\/wp\/v2\/users\/1"}],"replies":[{"embeddable":true,"href":"https:\/\/moianesturisme.cat\/fr\/wp-json\/wp\/v2\/comments?post=6487"}],"version-history":[{"count":8,"href":"https:\/\/moianesturisme.cat\/fr\/wp-json\/wp\/v2\/pages\/6487\/revisions"}],"predecessor-version":[{"id":11689,"href":"https:\/\/moianesturisme.cat\/fr\/wp-json\/wp\/v2\/pages\/6487\/revisions\/11689"}],"wp:attachment":[{"href":"https:\/\/moianesturisme.cat\/fr\/wp-json\/wp\/v2\/media?parent=6487"}],"curies":[{"name":"wp","href":"https:\/\/api.w.org\/{rel}","templated":true}]}}