{"id":6486,"date":"2015-05-11T11:55:38","date_gmt":"2015-05-11T10:55:38","guid":{"rendered":"http:\/\/moianesturisme.cat\/fr\/on-dormir\/"},"modified":"2019-05-24T18:12:59","modified_gmt":"2019-05-24T17:12:59","slug":"ou-dormir","status":"publish","type":"page","link":"https:\/\/moianesturisme.cat\/fr\/ou-dormir\/","title":{"rendered":"O\u00f9 dormir"},"content":{"rendered":"<div class=\"wpb-content-wrapper\">[vc_row][vc_column][vc_column_text el_class=\u00a0\u00bbintro\u00a0\u00bb]\n<p style=\"text-align: left;\">La r\u00e9gion du Moian\u00e8s, en Catalogne centrale, vous offre un grand \u00e9ventail de possibilit\u00e9s pour vous loger qui, combin\u00e9es \u00e0 sa gastronomie, sa culture, ses paysages et sa chaleur humaine, feront de votre s\u00e9jour une exp\u00e9rience que vous aurez s\u00fbrement envie de revivre.<\/p>\n<p style=\"text-align: left;\">Que vous choisissiez de dormir dans un g\u00eete rural, un h\u00f4tel, un appartement, un centre de loisirs&#8230; les propositions vous offriront qualit\u00e9, service et personnalit\u00e9. Quel que soit le type de logement que vous choisirez, o\u00f9 que vous alliez dans le Moian\u00e8s, la tranquillit\u00e9, la chaleur humaine et le contact direct avec la nature et le monde rural sont au rendez-vous.<\/p>\n[\/vc_column_text][vc_empty_space][\/vc_column][\/vc_row][vc_row][vc_column][vc_custom_heading source=\u00a0\u00bbpost_title\u00a0\u00bb font_container=\u00a0\u00bbtag:h1|text_align:left\u00a0\u00bb use_theme_fonts=\u00a0\u00bbyes\u00a0\u00bb el_class=\u00a0\u00bbportfolio\u00a0\u00bb][vc_separator][vc_basic_grid post_type=\u00a0\u00bbproject\u00a0\u00bb max_items=\u00a0\u00bb\u00a0\u00bb show_filter=\u00a0\u00bbyes\u00a0\u00bb element_width=\u00a0\u00bb3&Prime; orderby=\u00a0\u00bbtitle\u00a0\u00bb order=\u00a0\u00bbASC\u00a0\u00bb filter_style=\u00a0\u00bbbordered-rounded\u00a0\u00bb item=\u00a0\u00bb10741&Prime; grid_id=\u00a0\u00bbvc_gid:1558718021660-ec066cab-5b25-7&Prime; taxonomies=\u00a0\u00bb28&Prime; filter_source=\u00a0\u00bbfilter-portfolio\u00a0\u00bb][\/vc_column][\/vc_row][vc_row][vc_column][vc_empty_space height=\u00a0\u00bb100px\u00a0\u00bb][\/vc_column][\/vc_row]\n<\/div>","protected":false},"excerpt":{"rendered":"<p>[vc_row][vc_column][vc_column_text el_class=\u00a0\u00bbintro\u00a0\u00bb] La r\u00e9gion du Moian\u00e8s, en Catalogne centrale, vous offre un grand \u00e9ventail de possibilit\u00e9s pour vous loger qui, combin\u00e9es \u00e0 sa gastronomie, sa culture, ses paysages et sa chaleur humaine, feront de votre s\u00e9jour une exp\u00e9rience que vous aurez s\u00fbrement envie de revivre. Que vous choisissiez de dormir dans un g\u00eete rural, un [&hellip;]<\/p>\n","protected":false},"author":1,"featured_media":0,"parent":0,"menu_order":2,"comment_status":"closed","ping_status":"closed","template":"page-templates\/page-content-home.php","meta":{"_acf_changed":false,"_monsterinsights_skip_tracking":false,"_monsterinsights_sitenote_active":false,"_monsterinsights_sitenote_note":"","_monsterinsights_sitenote_category":0,"footnotes":""},"class_list":["post-6486","page","type-page","status-publish","hentry"],"acf":[],"_links":{"self":[{"href":"https:\/\/moianesturisme.cat\/fr\/wp-json\/wp\/v2\/pages\/6486","targetHints":{"allow":["GET"]}}],"collection":[{"href":"https:\/\/moianesturisme.cat\/fr\/wp-json\/wp\/v2\/pages"}],"about":[{"href":"https:\/\/moianesturisme.cat\/fr\/wp-json\/wp\/v2\/types\/page"}],"author":[{"embeddable":true,"href":"https:\/\/moianesturisme.cat\/fr\/wp-json\/wp\/v2\/users\/1"}],"replies":[{"embeddable":true,"href":"https:\/\/moianesturisme.cat\/fr\/wp-json\/wp\/v2\/comments?post=6486"}],"version-history":[{"count":8,"href":"https:\/\/moianesturisme.cat\/fr\/wp-json\/wp\/v2\/pages\/6486\/revisions"}],"predecessor-version":[{"id":11659,"href":"https:\/\/moianesturisme.cat\/fr\/wp-json\/wp\/v2\/pages\/6486\/revisions\/11659"}],"wp:attachment":[{"href":"https:\/\/moianesturisme.cat\/fr\/wp-json\/wp\/v2\/media?parent=6486"}],"curies":[{"name":"wp","href":"https:\/\/api.w.org\/{rel}","templated":true}]}}