{"id":6484,"date":"2013-11-03T22:10:42","date_gmt":"2013-11-03T22:10:42","guid":{"rendered":"http:\/\/moianesturisme.cat\/fr\/on-comprar\/"},"modified":"2019-05-24T18:21:52","modified_gmt":"2019-05-24T17:21:52","slug":"ou-acheter","status":"publish","type":"page","link":"https:\/\/moianesturisme.cat\/fr\/ou-acheter\/","title":{"rendered":"O\u00f9 acheter"},"content":{"rendered":"<div class=\"wpb-content-wrapper\">[vc_row][vc_column][vc_column_text el_class=\u00a0\u00bbintro\u00a0\u00bb]\n<p style=\"text-align: left;\">Les villages du Moian\u00e8s disposent aussi de rues commer\u00e7antes o\u00f9 vous trouverez les meilleurs produits du terroir, artisanaux et de qualit\u00e9. Alimentation, produits bio, mode, livres, bijoux&#8230; On a envie d&rsquo;acheter dans le Moian\u00e8s!<\/p>\n[\/vc_column_text][\/vc_column][\/vc_row][vc_row][vc_column][vc_custom_heading source=\u00a0\u00bbpost_title\u00a0\u00bb font_container=\u00a0\u00bbtag:h1|text_align:left\u00a0\u00bb use_theme_fonts=\u00a0\u00bbyes\u00a0\u00bb el_class=\u00a0\u00bbportfolio\u00a0\u00bb][vc_separator][vc_basic_grid post_type=\u00a0\u00bbproject\u00a0\u00bb max_items=\u00a0\u00bb\u00a0\u00bb show_filter=\u00a0\u00bbyes\u00a0\u00bb element_width=\u00a0\u00bb3&Prime; orderby=\u00a0\u00bbtitle\u00a0\u00bb order=\u00a0\u00bbASC\u00a0\u00bb filter_style=\u00a0\u00bbbordered-rounded\u00a0\u00bb item=\u00a0\u00bb10741&Prime; grid_id=\u00a0\u00bbvc_gid:1558718521561-402afb9d-69bc-3&Prime; taxonomies=\u00a0\u00bb472&Prime; filter_source=\u00a0\u00bbfilter-portfolio\u00a0\u00bb][\/vc_column][\/vc_row][vc_row][vc_column][vc_empty_space height=\u00a0\u00bb100px\u00a0\u00bb][\/vc_column][\/vc_row]\n<\/div>","protected":false},"excerpt":{"rendered":"<p>[vc_row][vc_column][vc_column_text el_class=\u00a0\u00bbintro\u00a0\u00bb] Les villages du Moian\u00e8s disposent aussi de rues commer\u00e7antes o\u00f9 vous trouverez les meilleurs produits du terroir, artisanaux et de qualit\u00e9. Alimentation, produits bio, mode, livres, bijoux&#8230; On a envie d&rsquo;acheter dans le Moian\u00e8s! [\/vc_column_text][\/vc_column][\/vc_row][vc_row][vc_column][vc_custom_heading source=\u00a0\u00bbpost_title\u00a0\u00bb font_container=\u00a0\u00bbtag:h1|text_align:left\u00a0\u00bb use_theme_fonts=\u00a0\u00bbyes\u00a0\u00bb el_class=\u00a0\u00bbportfolio\u00a0\u00bb][vc_separator][vc_basic_grid post_type=\u00a0\u00bbproject\u00a0\u00bb max_items=\u00a0\u00bb\u00a0\u00bb show_filter=\u00a0\u00bbyes\u00a0\u00bb element_width=\u00a0\u00bb3&Prime; orderby=\u00a0\u00bbtitle\u00a0\u00bb order=\u00a0\u00bbASC\u00a0\u00bb filter_style=\u00a0\u00bbbordered-rounded\u00a0\u00bb item=\u00a0\u00bb10741&Prime; grid_id=\u00a0\u00bbvc_gid:1558718521561-402afb9d-69bc-3&Prime; taxonomies=\u00a0\u00bb472&Prime; filter_source=\u00a0\u00bbfilter-portfolio\u00a0\u00bb][\/vc_column][\/vc_row][vc_row][vc_column][vc_empty_space height=\u00a0\u00bb100px\u00a0\u00bb][\/vc_column][\/vc_row]<\/p>\n","protected":false},"author":1,"featured_media":0,"parent":0,"menu_order":12,"comment_status":"closed","ping_status":"closed","template":"page-templates\/page-content-home.php","meta":{"_acf_changed":false,"_monsterinsights_skip_tracking":false,"_monsterinsights_sitenote_active":false,"_monsterinsights_sitenote_note":"","_monsterinsights_sitenote_category":0,"footnotes":""},"class_list":["post-6484","page","type-page","status-publish","hentry"],"acf":[],"_links":{"self":[{"href":"https:\/\/moianesturisme.cat\/fr\/wp-json\/wp\/v2\/pages\/6484","targetHints":{"allow":["GET"]}}],"collection":[{"href":"https:\/\/moianesturisme.cat\/fr\/wp-json\/wp\/v2\/pages"}],"about":[{"href":"https:\/\/moianesturisme.cat\/fr\/wp-json\/wp\/v2\/types\/page"}],"author":[{"embeddable":true,"href":"https:\/\/moianesturisme.cat\/fr\/wp-json\/wp\/v2\/users\/1"}],"replies":[{"embeddable":true,"href":"https:\/\/moianesturisme.cat\/fr\/wp-json\/wp\/v2\/comments?post=6484"}],"version-history":[{"count":9,"href":"https:\/\/moianesturisme.cat\/fr\/wp-json\/wp\/v2\/pages\/6484\/revisions"}],"predecessor-version":[{"id":11677,"href":"https:\/\/moianesturisme.cat\/fr\/wp-json\/wp\/v2\/pages\/6484\/revisions\/11677"}],"wp:attachment":[{"href":"https:\/\/moianesturisme.cat\/fr\/wp-json\/wp\/v2\/media?parent=6484"}],"curies":[{"name":"wp","href":"https:\/\/api.w.org\/{rel}","templated":true}]}}