{"id":6478,"date":"2013-11-05T15:52:32","date_gmt":"2013-11-05T15:52:32","guid":{"rendered":"http:\/\/moianesturisme.cat\/fr\/llocs-visitables\/"},"modified":"2019-08-16T08:54:37","modified_gmt":"2019-08-16T07:54:37","slug":"lieux-a-visiter","status":"publish","type":"page","link":"https:\/\/moianesturisme.cat\/fr\/ecomusee\/lieux-a-visiter\/","title":{"rendered":"Lieux \u00e0 visiter"},"content":{"rendered":"<div class=\"wpb-content-wrapper\">[vc_row][vc_column][vc_custom_heading source=\u00a0\u00bbpost_title\u00a0\u00bb font_container=\u00a0\u00bbtag:h1|text_align:left\u00a0\u00bb use_theme_fonts=\u00a0\u00bbyes\u00a0\u00bb][vc_empty_space height=\u00a0\u00bb16px\u00a0\u00bb][vc_separator][\/vc_column][\/vc_row][vc_row][vc_column][vc_single_image image=\u00a0\u00bb1739&Prime; img_size=\u00a0\u00bbfull\u00a0\u00bb][vc_custom_heading text=\u00a0\u00bbPour prendre rendez-vous pour une visite:\u00a0\u00bb font_container=\u00a0\u00bbtag:h4|text_align:left\u00a0\u00bb use_theme_fonts=\u00a0\u00bbyes\u00a0\u00bb][vc_column_text]<a href=\"mailto:turisme@consorcidelmoianes.cat\">turisme@consorcidelmoianes.cat<\/a><br \/>\n93 830 14 18<\/p>\n<p>* Prix: plus de 18 ans: 3 \u20ac \/ de 8 \u00e0 17 ans: 1 \u20ac \/ jusqu&rsquo;\u00e0 7 ans: gratuit[\/vc_column_text][vc_custom_heading text=\u00a0\u00bbLes cinq sites que l&rsquo;on peut visiter actuellement sont:\u00a0\u00bb font_container=\u00a0\u00bbtag:h3|text_align:left\u00a0\u00bb use_theme_fonts=\u00a0\u00bbyes\u00a0\u00bb][vc_empty_space height=\u00a0\u00bb16px\u00a0\u00bb][\/vc_column][\/vc_row][vc_row gap=\u00a0\u00bb35&Prime;][vc_column width=\u00a0\u00bb1\/2&Prime;][vc_single_image image=\u00a0\u00bb3688&Prime; img_size=\u00a0\u00bbfull\u00a0\u00bb][vc_custom_heading text=\u00a0\u00bbFORN DE LA CAL\u00c7 (Four \u00e0 Chaux)\u00a0\u00bb font_container=\u00a0\u00bbtag:h3|text_align:left\u00a0\u00bb use_theme_fonts=\u00a0\u00bbyes\u00a0\u00bb][vc_empty_space height=\u00a0\u00bb16px\u00a0\u00bb][vc_column_text]El\u00e9ment form\u00e9 par <strong>trois fours \u00e0 chaux circulaires<\/strong>, situ\u00e9s juste \u00e0 c\u00f4t\u00e9 de la maison du m\u00eame nom. La tradition de l&rsquo;exploitation de la pierre calcaire de la r\u00e9gion remonte au X\u00e8me si\u00e8cle, m\u00eame si ces fours datent eux du milieu du XIX\u00e8me si\u00e8cle et furent utilis\u00e9s jusqu&rsquo;aux ann\u00e9es 1950.<\/p>\n<p>Ces fours \u00e9taient construits dans des endroits o\u00f9 l&rsquo;on trouvait de la pierre calcaire et du bois. Bien que leur utilisation f\u00fbt sporadique, leur dur\u00e9e de vie \u00e9tait limit\u00e9e puisque les fours cuisaient en m\u00eame temps que la chaux et l&rsquo;on a pu v\u00e9rifier qu&rsquo;\u00e0 chaque fourn\u00e9e de chaux, l&rsquo;usure des murs du four \u00e9tait de 2 cm d&rsquo;\u00e9paisseur.<\/p>\n<p>A c\u00f4t\u00e9 des fours, on trouve actuellement le <em>Centre d&rsquo;Art Contemporani i Sostenible El Forn de la Cal\u00e7 (CACIS),<\/em> consacr\u00e9 \u00e0 la recherche, la production et l&rsquo;exposition de projets de culture et d&rsquo;art contemporains, sp\u00e9cialement li\u00e9s \u00e0 l&rsquo;\u00e9cologie et \u00e0 l&rsquo;environnement naturel du site.<\/p>\n<p>Pour plus d&rsquo;information: <a href=\"http:\/\/www.elforndelacalc.cat\/\">http:\/\/www.elforndelacalc.cat\/<\/a><\/p>\n[\/vc_column_text][\/vc_column][vc_column width=\u00a0\u00bb1\/2&Prime;][vc_single_image image=\u00a0\u00bb3264&Prime; img_size=\u00a0\u00bbfull\u00a0\u00bb][vc_custom_heading text=\u00a0\u00bbESPLUGUES\u00a0\u00bb font_container=\u00a0\u00bbtag:h3|text_align:left\u00a0\u00bb use_theme_fonts=\u00a0\u00bbyes\u00a0\u00bb][vc_empty_space height=\u00a0\u00bb16px\u00a0\u00bb][vc_column_text]A c\u00f4t\u00e9 de la rivi\u00e8re de Fontscalents, on trouve Esplugues, une ferme troglodytique construite sous un baume. Elle accueille actuellement le site de l&rsquo;Ecomus\u00e9e du Moian\u00e8s consacr\u00e9 au th\u00e8me de l&rsquo;exploitation des ressources naturelles de la for\u00eat par l&rsquo;homme et \u00e0 l&rsquo;autosuffisance d&rsquo;une ferme.<\/p>\n<p>Esplugues est une construction tr\u00e8s sp\u00e9ciale et unique dans le Moian\u00e8s. La maison est construite sous un baume qui lui sert de toit et qui date de l&rsquo;\u00e9poque troglodytique. L&rsquo;\u00e9difice compte un rez-de-chauss\u00e9e et deux \u00e9tages de plus. Il a \u00e9t\u00e9 habit\u00e9 jusqu&rsquo;en 2002. L&rsquo;ensemble est compl\u00e9t\u00e9 par la remise et le pont roman du XI\u00e8me si\u00e8cle.<\/p>\n<p>La remise, restaur\u00e9e, est le point d&rsquo;accueil des visiteurs, avec sa r\u00e9ception, ses toilettes et sa salle polyvalente pour les expositions, concerts et autres activit\u00e9s en rapport avec l&rsquo;Ecomus\u00e9e.<\/p>\n<p>La ferme d&rsquo;Esplugues est situ\u00e9e \u00e0 l&rsquo;extr\u00eame sud-ouest de la commune de Castellcir. On y acc\u00e8de depuis la route BV-1310 au km 3,8 en prenant un chemin de terre sur la gauche. On descend par le chemin \u00e0 travers des bois de pins rouges et de ch\u00eanes jusqu&rsquo;\u00e0 la rivi\u00e8re de Fontscalents (1,9 km). De l&rsquo;autre c\u00f4t\u00e9 de la rivi\u00e8re, on trouve la ferme d&rsquo;Esplugues. Il est fortement conseill\u00e9 de laisser sa voiture au parking de la Quitana et de faire le chemin \u00e0 pied (30 minutes).[\/vc_column_text][\/vc_column][\/vc_row][vc_row gap=\u00a0\u00bb35&Prime;][vc_column width=\u00a0\u00bb1\/2&Prime;][vc_single_image image=\u00a0\u00bb3546&Prime; img_size=\u00a0\u00bbfull\u00a0\u00bb][vc_custom_heading text=\u00a0\u00bbPUITS A GLACE DE LA GINEBREDA\u00a0\u00bb font_container=\u00a0\u00bbtag:h3|text_align:left\u00a0\u00bb use_theme_fonts=\u00a0\u00bbyes\u00a0\u00bb][vc_empty_space height=\u00a0\u00bb16px\u00a0\u00bb][vc_column_text]Curieusement, Castellter\u00e7ol fut le village qui organisa le mieux la production et la commercialisation de la glace et aujourd&rsquo;hui encore, c&rsquo;est lui qui conserve le plus grand nombre de puits, d&rsquo;\u00e9tangs, de plateformes de chargement, etc.<\/p>\n<p>Nous y trouvons <strong>le puits de la Ginebreda<\/strong>, r\u00e9cemment restaur\u00e9 et partie int\u00e9grante du projet Ecomus\u00e9e. Sur ce site nous pouvons d\u00e9couvrir ce qu&rsquo;\u00e9tait un puits \u00e0 glace, comment on y travaillait, comment la glace \u00e9tait commercialis\u00e9e\u00a0; nous pouvons y d\u00e9couvrir une foule de puits singuliers ou visiter la chapelle du seul corps de m\u00e9tier de travailleurs de la glace qui ait jamais exist\u00e9 en Catalogne, la chapelle de Sant Gaiet\u00e0.<\/p>\n<p>Dans les puits, on conservait la glace et la neige pendant l&rsquo;hiver et \u00e0 l&rsquo;approche du printemps, on la transportait en charrette jusqu&rsquo;\u00e0 la ville. La glace avait diff\u00e9rentes applications\u00a0: m\u00e9dicinales, gastronomiques et curatives. Les principaux clients des puits \u00e0 glace \u00e9taient les poissonneries, les h\u00f4pitaux, les pharmacies et les fabricants de cr\u00e8me glac\u00e9e. L&rsquo;industrie manufacturi\u00e8re cr\u00e9\u00e9e autour de la glace employait un bon nombre de travailleurs en hiver, \u00e9poque \u00e0 laquelle il \u00e9tait possible de concilier les travaux des champs et ceux de travailleur de la glace. Le Moian\u00e8s compte une cinquantaine de puits qui, m\u00eame s&rsquo;ils sont actuellement tomb\u00e9s en d\u00e9su\u00e9tude, doivent \u00eatre r\u00e9cup\u00e9r\u00e9s pour leur grand int\u00e9r\u00eat arch\u00e9ologique.<\/p>\n<p>A Castellter\u00e7ol, vous pourrez entrer dans un puits \u00e0 glace, le puits de la Ginebreda. Ne ratez pas cette exp\u00e9rience!<\/p>\n<p>Plus d&rsquo;informations: <a href=\"http:\/\/www.viulestany.cat\">www.viulestany.cat<\/a>[\/vc_column_text][\/vc_column][vc_column width=\u00a0\u00bb1\/2&Prime;][vc_single_image image=\u00a0\u00bb3703&Prime; img_size=\u00a0\u00bbfull\u00a0\u00bb][vc_custom_heading text=\u00a0\u00bbEL RENTADOR DEL ROQUER\u00a0\u00bb font_container=\u00a0\u00bbtag:h3|text_align:left\u00a0\u00bb use_theme_fonts=\u00a0\u00bbyes\u00a0\u00bb][vc_empty_space height=\u00a0\u00bb16px\u00a0\u00bb][vc_column_text]Le Roquer est une construction curieuse, situ\u00e9e juste derri\u00e8re les derniers hangars du polygone industriel El Vapor, sur l&rsquo;autre rive de la rivi\u00e8re Fontscalents. On y lavait la laine ou le linge, comme s&rsquo;il s&rsquo;\u00e9tait agi d&rsquo;un lavoir.<\/p>\n<p>Il s&rsquo;agit d&rsquo;une magnifique construction. A l&rsquo;int\u00e9rieur se trouve une longue table de pierre derri\u00e8re laquelle on d\u00e9couvre un banc de pierre d&rsquo;environ 10 m\u00e8tres de long inclin\u00e9 en direction du canal o\u00f9 passait l&rsquo;eau qui servait \u00e0 laver la laine ou le linge, comme s&rsquo;il s&rsquo;\u00e9tait agi d&rsquo;un long lavoir.<\/p>\n<p>En fait, il y a deux canaux s\u00e9par\u00e9s dans lesquels on d\u00e9posait la laine sale ou tout juste tondue des moutons et o\u00f9 elle \u00e9tait nettoy\u00e9e par l&rsquo;\u00e9coulement constant de l&rsquo;eau. Le fait de disposer de deux canaux permettait d&rsquo;en utiliser un avec un d\u00e9bit plus lent, comme r\u00e9servoir o\u00f9 adoucir la laine et l&rsquo;autre, au d\u00e9bit plus rapide, pour la laver. Au fond, on trouve aussi les restes d&rsquo;une chemin\u00e9e o\u00f9 l&rsquo;on faisait s\u00fbrement chauffer l&rsquo;eau. A c\u00f4t\u00e9 de la chemin\u00e9e, un \u00e9vier creus\u00e9 dans la pierre o\u00f9 l&rsquo;on versait s\u00fbrement l&rsquo;eau chaude destin\u00e9e au lavage de la laine et, au XX\u00e8me si\u00e8cle, \u00e0 celui du linge.<\/p>\n<p>On y trouve aussi un escalier qui m\u00e8ne \u00e0 la partie sup\u00e9rieure de la vo\u00fbte qui est carrel\u00e9e. C&rsquo;est par l\u00e0 que l&rsquo;on montait les toisons de laine \u00e0 s\u00e9cher.[\/vc_column_text][\/vc_column][\/vc_row][vc_row gap=\u00a0\u00bb35&Prime;][vc_column width=\u00a0\u00bb1\/2&Prime;][vc_single_image image=\u00a0\u00bb3697&Prime; img_size=\u00a0\u00bbfull\u00a0\u00bb][vc_custom_heading text=\u00a0\u00bbLA MINA DE L\u2019ESTANY\u00a0\u00bb font_container=\u00a0\u00bbtag:h3|text_align:left\u00a0\u00bb use_theme_fonts=\u00a0\u00bbyes\u00a0\u00bb][vc_empty_space height=\u00a0\u00bb16px\u00a0\u00bb][vc_column_text]Le site de l&rsquo;Estany de l&rsquo;Ecomus\u00e9e du Moian\u00e8s est destin\u00e9 \u00e0 l&rsquo;explication du lien qui existe entre l&rsquo;espace naturel de la zone humide de l&rsquo;Estany et le monast\u00e8re augustin qui en \u00e9tait le propri\u00e9taire et qui prit l&rsquo;initiative de l&rsquo;ass\u00e9cher pour lutter contre les <em>quartes<\/em> (fi\u00e8vres) et gagner de nouvelles terres de culture.<\/p>\n<p>L&rsquo;ass\u00e8chement se fit au moyen de travaux d&rsquo;ing\u00e9nierie \u2013 la mine \u2013 qui aujourd&rsquo;hui encore remplit la fonction pour laquelle elle fut construite\u00a0: \u00e9vacuer l&rsquo;eau de la plaine de l&rsquo;Estany. Nous vous proposons une visite de la mine de l&rsquo;Estany.<\/p>\n<p>La mine est une r\u00e9alisation d&rsquo;ing\u00e9nierie du XVIII\u00e8me si\u00e8cle, construite par 5 dignitaires royaux (5 chanoineries de Vic, Barcelone et G\u00e9rone). Les travaux prirent 3 ans (de 1734 \u00e0 1737). La mine, construite en pierre s\u00e8che, est longue de 425 m\u00e8tres\u00a0: 390 m\u00e8tres de vo\u00fbte en berceau et le reste, de dalle plate.<\/p>\n<p>Les premi\u00e8res tentatives d&rsquo;ass\u00e8chement de l&rsquo;\u00e9tang datent du XIV\u00e8me si\u00e8cle, avec le trac\u00e9 de canaux et canaux d&rsquo;irrigation \u00e0 l&rsquo;air libre. En l&rsquo;an 1554, l&rsquo;abb\u00e9 Carles de Cardona ordonna d&rsquo;\u00e9largir et d&rsquo;approfondir certains des canaux existants mais il ne r\u00e9ussit pas \u00e0 ass\u00e9cher l&rsquo;\u00e9tang. Ce n&rsquo;est qu&rsquo;\u00e0 la fin du XVIII\u00e8me si\u00e8cle, gr\u00e2ce \u00e0 la pente form\u00e9e par la construction de la mine de pierre s\u00e8che, que ce sera finalement possible. La mine continue de remplir cette fonction \u00e0 l&rsquo;heure actuelle.<\/p>\n<p>Plus d&rsquo;information et r\u00e9servations au Centre de Visiteurs de l&rsquo;Estany\u00a0: <a href=\"http:\/\/www.viulestany.cat\/\">www.viulestany.cat<\/a><\/p>\n[\/vc_column_text][\/vc_column][vc_column width=\u00a0\u00bb1\/2&Prime;][vc_single_image image=\u00a0\u00bb6373&Prime; img_size=\u00a0\u00bbfull\u00a0\u00bb][vc_custom_heading text=\u00a0\u00bbESPAI HEMALOSA\u00a0\u00bb font_container=\u00a0\u00bbtag:h3|text_align:left\u00a0\u00bb use_theme_fonts=\u00a0\u00bbyes\u00a0\u00bb][vc_empty_space height=\u00a0\u00bb16px\u00a0\u00bb][vc_column_text]Le site de Santa Maria d&rsquo;Ol\u00f3, \u00e0 travers l&rsquo;exposition \u00ab\u00a0Ol\u00f3 au rythme du m\u00e9tier \u00e0 tisser\u00a0\u00bb, nous explique comment le village pr\u00e9industriel se transforma en une petite ville totalement industrialis\u00e9e \u00e0 partir de l&rsquo;installation de deux usines textiles, Borr\u00e0s et Hemalosa, qui boulevers\u00e8rent la vie des habitants d&rsquo;Ol\u00f3. Pendant les ann\u00e9es 20, ces deux usines contribu\u00e8rent au maintien de la population de Santa Maria d&rsquo;Ol\u00f3 et m\u00eame, \u00e0 certaines \u00e9poques, \u00e0 sa croissance. Comme s&rsquo;il s&rsquo;agissait d&rsquo;une cit\u00e9 textile, les deux propri\u00e9taires des usines encourag\u00e8rent la cr\u00e9ation de nouveaux services et de nouvelles infrastructures tout en contr\u00f4lant les initiatives propos\u00e9es.<\/p>\n<p>Une de ces usines, l&rsquo;usine Hemalosa, a \u00e9t\u00e9 restaur\u00e9e et transform\u00e9e en Espai Hemalosa, un \u00e9quipement qui comprend l&rsquo;Ecomus\u00e9e, un grand auditorium et deux salles polyvalentes. L&rsquo;Ecomus\u00e9e est form\u00e9 d&rsquo;un espace d&rsquo;accueil et point d&rsquo;information et de l&rsquo;exposition \u00ab\u00a0Ol\u00f3 au rythme du m\u00e9tier \u00e0 tisser\u00a0\u00bb. Tout au long du parcours, les visiteurs pourront d\u00e9couvrir l&rsquo;histoire du village de Santa Maria d&rsquo;Ol\u00f3 tout en soulignant le processus d&rsquo;industrialisation qu&rsquo;il v\u00e9cut. Les panneaux de l&rsquo;exposition sont compl\u00e9t\u00e9s par des vitrines contenant des pi\u00e8ces originales en rapport avec le travail textile, par deux m\u00e9tiers \u00e0 tisser restaur\u00e9s et par un document audiovisuel montrant les t\u00e9moignages d&rsquo;anciens travailleurs de l&rsquo;usine Borr\u00e0s i Hemalosa.[\/vc_column_text][\/vc_column][\/vc_row][vc_row][vc_column][vc_empty_space height=\u00a0\u00bb100px\u00a0\u00bb][\/vc_column][\/vc_row]\n<\/div>","protected":false},"excerpt":{"rendered":"<p>[vc_row][vc_column][vc_custom_heading source=\u00a0\u00bbpost_title\u00a0\u00bb font_container=\u00a0\u00bbtag:h1|text_align:left\u00a0\u00bb use_theme_fonts=\u00a0\u00bbyes\u00a0\u00bb][vc_empty_space height=\u00a0\u00bb16px\u00a0\u00bb][vc_separator][\/vc_column][\/vc_row][vc_row][vc_column][vc_single_image image=\u00a0\u00bb1739&Prime; img_size=\u00a0\u00bbfull\u00a0\u00bb][vc_custom_heading text=\u00a0\u00bbPour prendre rendez-vous pour une visite:\u00a0\u00bb font_container=\u00a0\u00bbtag:h4|text_align:left\u00a0\u00bb use_theme_fonts=\u00a0\u00bbyes\u00a0\u00bb][vc_column_text]turisme@consorcidelmoianes.cat 93 830 14 18 * Prix: plus de 18 ans: 3 \u20ac \/ de 8 \u00e0 17 ans: 1 \u20ac \/ jusqu&rsquo;\u00e0 7 ans: gratuit[\/vc_column_text][vc_custom_heading text=\u00a0\u00bbLes cinq sites que l&rsquo;on peut visiter actuellement sont:\u00a0\u00bb font_container=\u00a0\u00bbtag:h3|text_align:left\u00a0\u00bb use_theme_fonts=\u00a0\u00bbyes\u00a0\u00bb][vc_empty_space height=\u00a0\u00bb16px\u00a0\u00bb][\/vc_column][\/vc_row][vc_row gap=\u00a0\u00bb35&Prime;][vc_column width=\u00a0\u00bb1\/2&Prime;][vc_single_image image=\u00a0\u00bb3688&Prime; [&hellip;]<\/p>\n","protected":false},"author":1,"featured_media":0,"parent":6456,"menu_order":1,"comment_status":"closed","ping_status":"closed","template":"page-templates\/page-content-home.php","meta":{"_acf_changed":false,"_monsterinsights_skip_tracking":false,"_monsterinsights_sitenote_active":false,"_monsterinsights_sitenote_note":"","_monsterinsights_sitenote_category":0,"footnotes":""},"class_list":["post-6478","page","type-page","status-publish","hentry"],"acf":[],"_links":{"self":[{"href":"https:\/\/moianesturisme.cat\/fr\/wp-json\/wp\/v2\/pages\/6478","targetHints":{"allow":["GET"]}}],"collection":[{"href":"https:\/\/moianesturisme.cat\/fr\/wp-json\/wp\/v2\/pages"}],"about":[{"href":"https:\/\/moianesturisme.cat\/fr\/wp-json\/wp\/v2\/types\/page"}],"author":[{"embeddable":true,"href":"https:\/\/moianesturisme.cat\/fr\/wp-json\/wp\/v2\/users\/1"}],"replies":[{"embeddable":true,"href":"https:\/\/moianesturisme.cat\/fr\/wp-json\/wp\/v2\/comments?post=6478"}],"version-history":[{"count":13,"href":"https:\/\/moianesturisme.cat\/fr\/wp-json\/wp\/v2\/pages\/6478\/revisions"}],"predecessor-version":[{"id":12202,"href":"https:\/\/moianesturisme.cat\/fr\/wp-json\/wp\/v2\/pages\/6478\/revisions\/12202"}],"up":[{"embeddable":true,"href":"https:\/\/moianesturisme.cat\/fr\/wp-json\/wp\/v2\/pages\/6456"}],"wp:attachment":[{"href":"https:\/\/moianesturisme.cat\/fr\/wp-json\/wp\/v2\/media?parent=6478"}],"curies":[{"name":"wp","href":"https:\/\/api.w.org\/{rel}","templated":true}]}}