{"id":6476,"date":"2015-05-11T11:56:50","date_gmt":"2015-05-11T10:56:50","guid":{"rendered":"http:\/\/moianesturisme.cat\/fr\/llocs-dinteres-per-visitar\/"},"modified":"2020-06-01T11:19:38","modified_gmt":"2020-06-01T10:19:38","slug":"lieux-dinteret-a-visiter","status":"publish","type":"page","link":"https:\/\/moianesturisme.cat\/fr\/lieux-dinteret-a-visiter\/","title":{"rendered":"Lieux d\u2019int\u00e9r\u00eat \u00e0 visiter"},"content":{"rendered":"<div class=\"wpb-content-wrapper\">[vc_row][vc_column][vc_column_text el_class=\u00a0\u00bbintro\u00a0\u00bb]\n<p style=\"text-align: left;\"><strong>Bienvenue dans le Moian\u00e8s<\/strong><\/p>\n<p style=\"text-align: left;\">L&rsquo;harmonie naturelle d&rsquo;un paysage tranquille, \u00e0 port\u00e9e de main; de merveilleuses for\u00eats \u00e0 taille humaine, h\u00eatraies, ch\u00eanaies&#8230;; dolmens, puits \u00e0 glace et grottes pr\u00e9historiques qui nous transportent au temps de nos anc\u00eatres; chapelles, fermes, cavernes, villages de pierre, t\u00e9moins de la vie et des habitants de la r\u00e9gion; \u00e9glises, ch\u00e2teaux, monast\u00e8res, art baroque et roman, vestiges de son patrimoine historico-artistique; march\u00e9s, foires, cuisine d&rsquo;arri\u00e8re-pays et de montagne&#8230;<\/p>\n<p style=\"text-align: left;\">\u2026 <strong>un plaisir pour tous les sens.<\/strong><\/p>\n[\/vc_column_text][\/vc_column][\/vc_row][vc_row][vc_column][vc_custom_heading source=\u00a0\u00bbpost_title\u00a0\u00bb font_container=\u00a0\u00bbtag:h1|text_align:left\u00a0\u00bb use_theme_fonts=\u00a0\u00bbyes\u00a0\u00bb el_class=\u00a0\u00bbportfolio\u00a0\u00bb][vc_separator][vc_basic_grid post_type=\u00a0\u00bbproject\u00a0\u00bb max_items=\u00a0\u00bb\u00a0\u00bb show_filter=\u00a0\u00bbyes\u00a0\u00bb element_width=\u00a0\u00bb3&Prime; orderby=\u00a0\u00bbtitle\u00a0\u00bb order=\u00a0\u00bbASC\u00a0\u00bb filter_style=\u00a0\u00bbbordered-rounded\u00a0\u00bb item=\u00a0\u00bb10741&Prime; grid_id=\u00a0\u00bbvc_gid:1558718966272-ebd93c99-8b57-7&Prime; taxonomies=\u00a0\u00bb65&Prime; filter_source=\u00a0\u00bbfilter-portfolio\u00a0\u00bb][\/vc_column][\/vc_row][vc_row][vc_column][vc_empty_space height=\u00a0\u00bb100px\u00a0\u00bb][\/vc_column][\/vc_row]\n<\/div>","protected":false},"excerpt":{"rendered":"<p>[vc_row][vc_column][vc_column_text el_class=\u00a0\u00bbintro\u00a0\u00bb] Bienvenue dans le Moian\u00e8s L&rsquo;harmonie naturelle d&rsquo;un paysage tranquille, \u00e0 port\u00e9e de main; de merveilleuses for\u00eats \u00e0 taille humaine, h\u00eatraies, ch\u00eanaies&#8230;; dolmens, puits \u00e0 glace et grottes pr\u00e9historiques qui nous transportent au temps de nos anc\u00eatres; chapelles, fermes, cavernes, villages de pierre, t\u00e9moins de la vie et des habitants de la r\u00e9gion; \u00e9glises, [&hellip;]<\/p>\n","protected":false},"author":1,"featured_media":0,"parent":0,"menu_order":5,"comment_status":"closed","ping_status":"closed","template":"page-templates\/page-content-home.php","meta":{"_acf_changed":false,"_monsterinsights_skip_tracking":false,"_monsterinsights_sitenote_active":false,"_monsterinsights_sitenote_note":"","_monsterinsights_sitenote_category":0,"footnotes":""},"class_list":["post-6476","page","type-page","status-publish","hentry"],"acf":[],"_links":{"self":[{"href":"https:\/\/moianesturisme.cat\/fr\/wp-json\/wp\/v2\/pages\/6476","targetHints":{"allow":["GET"]}}],"collection":[{"href":"https:\/\/moianesturisme.cat\/fr\/wp-json\/wp\/v2\/pages"}],"about":[{"href":"https:\/\/moianesturisme.cat\/fr\/wp-json\/wp\/v2\/types\/page"}],"author":[{"embeddable":true,"href":"https:\/\/moianesturisme.cat\/fr\/wp-json\/wp\/v2\/users\/1"}],"replies":[{"embeddable":true,"href":"https:\/\/moianesturisme.cat\/fr\/wp-json\/wp\/v2\/comments?post=6476"}],"version-history":[{"count":9,"href":"https:\/\/moianesturisme.cat\/fr\/wp-json\/wp\/v2\/pages\/6476\/revisions"}],"predecessor-version":[{"id":11686,"href":"https:\/\/moianesturisme.cat\/fr\/wp-json\/wp\/v2\/pages\/6476\/revisions\/11686"}],"wp:attachment":[{"href":"https:\/\/moianesturisme.cat\/fr\/wp-json\/wp\/v2\/media?parent=6476"}],"curies":[{"name":"wp","href":"https:\/\/api.w.org\/{rel}","templated":true}]}}