{"id":12982,"date":"2020-03-31T07:57:43","date_gmt":"2020-03-31T06:57:43","guid":{"rendered":"http:\/\/moianesturisme.cat\/?page_id=12982"},"modified":"2020-03-31T08:02:42","modified_gmt":"2020-03-31T07:02:42","slug":"itineraires-long-courriers","status":"publish","type":"page","link":"https:\/\/moianesturisme.cat\/fr\/itineraires-touristiques\/itineraires-long-courriers\/","title":{"rendered":"Itin\u00e9raires long-courriers"},"content":{"rendered":"<div class=\"wpb-content-wrapper\">[vc_row][vc_column][vc_column_text el_class=\u00a0\u00bbintro\u00a0\u00bb]\n<p style=\"text-align: left;\">Ici vous trouverez des itin\u00e9raires longue distance tels que la &lsquo;Ronda del Moian\u00e8s&rsquo;, qui relie les dix villages de la r\u00e9gion, et la route des &lsquo;Territoires Sereins&rsquo;, qui traverse le Moian\u00e8s, et vous pouvez suivre \u00ab\u00a0l&rsquo;ancienne route royale\u00a0\u00bb, r\u00e9cemment restaur\u00e9e, entre autres.<\/p>\n[\/vc_column_text][vc_empty_space][\/vc_column][\/vc_row][vc_row][vc_column][vc_custom_heading source=\u00a0\u00bbpost_title\u00a0\u00bb font_container=\u00a0\u00bbtag:h1|text_align:left\u00a0\u00bb use_theme_fonts=\u00a0\u00bbyes\u00a0\u00bb el_class=\u00a0\u00bbportfolio\u00a0\u00bb][vc_separator][vc_basic_grid post_type=\u00a0\u00bbproject\u00a0\u00bb max_items=\u00a0\u00bb\u00a0\u00bb show_filter=\u00a0\u00bbyes\u00a0\u00bb element_width=\u00a0\u00bb3&Prime; orderby=\u00a0\u00bbtitle\u00a0\u00bb order=\u00a0\u00bbASC\u00a0\u00bb filter_style=\u00a0\u00bbbordered-rounded\u00a0\u00bb item=\u00a0\u00bb10741&Prime; grid_id=\u00a0\u00bbvc_gid:1585638143972-87cee99c-4db2-9&Prime; taxonomies=\u00a0\u00bb764&Prime; filter_source=\u00a0\u00bbfilter-portfolio\u00a0\u00bb][\/vc_column][\/vc_row][vc_row][vc_column][vc_empty_space height=\u00a0\u00bb100px\u00a0\u00bb][\/vc_column][\/vc_row]\n<\/div>","protected":false},"excerpt":{"rendered":"<p>[vc_row][vc_column][vc_column_text el_class=\u00a0\u00bbintro\u00a0\u00bb] Ici vous trouverez des itin\u00e9raires longue distance tels que la &lsquo;Ronda del Moian\u00e8s&rsquo;, qui relie les dix villages de la r\u00e9gion, et la route des &lsquo;Territoires Sereins&rsquo;, qui traverse le Moian\u00e8s, et vous pouvez suivre \u00ab\u00a0l&rsquo;ancienne route royale\u00a0\u00bb, r\u00e9cemment restaur\u00e9e, entre autres. [\/vc_column_text][vc_empty_space][\/vc_column][\/vc_row][vc_row][vc_column][vc_custom_heading source=\u00a0\u00bbpost_title\u00a0\u00bb font_container=\u00a0\u00bbtag:h1|text_align:left\u00a0\u00bb use_theme_fonts=\u00a0\u00bbyes\u00a0\u00bb el_class=\u00a0\u00bbportfolio\u00a0\u00bb][vc_separator][vc_basic_grid post_type=\u00a0\u00bbproject\u00a0\u00bb max_items=\u00a0\u00bb\u00a0\u00bb show_filter=\u00a0\u00bbyes\u00a0\u00bb element_width=\u00a0\u00bb3&Prime; orderby=\u00a0\u00bbtitle\u00a0\u00bb order=\u00a0\u00bbASC\u00a0\u00bb [&hellip;]<\/p>\n","protected":false},"author":7,"featured_media":0,"parent":6496,"menu_order":2,"comment_status":"closed","ping_status":"closed","template":"page-templates\/page-content-home.php","meta":{"_acf_changed":false,"_monsterinsights_skip_tracking":false,"_monsterinsights_sitenote_active":false,"_monsterinsights_sitenote_note":"","_monsterinsights_sitenote_category":0,"footnotes":""},"class_list":["post-12982","page","type-page","status-publish","hentry"],"acf":[],"_links":{"self":[{"href":"https:\/\/moianesturisme.cat\/fr\/wp-json\/wp\/v2\/pages\/12982","targetHints":{"allow":["GET"]}}],"collection":[{"href":"https:\/\/moianesturisme.cat\/fr\/wp-json\/wp\/v2\/pages"}],"about":[{"href":"https:\/\/moianesturisme.cat\/fr\/wp-json\/wp\/v2\/types\/page"}],"author":[{"embeddable":true,"href":"https:\/\/moianesturisme.cat\/fr\/wp-json\/wp\/v2\/users\/7"}],"replies":[{"embeddable":true,"href":"https:\/\/moianesturisme.cat\/fr\/wp-json\/wp\/v2\/comments?post=12982"}],"version-history":[{"count":2,"href":"https:\/\/moianesturisme.cat\/fr\/wp-json\/wp\/v2\/pages\/12982\/revisions"}],"predecessor-version":[{"id":13011,"href":"https:\/\/moianesturisme.cat\/fr\/wp-json\/wp\/v2\/pages\/12982\/revisions\/13011"}],"up":[{"embeddable":true,"href":"https:\/\/moianesturisme.cat\/fr\/wp-json\/wp\/v2\/pages\/6496"}],"wp:attachment":[{"href":"https:\/\/moianesturisme.cat\/fr\/wp-json\/wp\/v2\/media?parent=12982"}],"curies":[{"name":"wp","href":"https:\/\/api.w.org\/{rel}","templated":true}]}}