{"id":13461,"date":"2015-05-11T11:56:50","date_gmt":"2015-05-11T10:56:50","guid":{"rendered":"http:\/\/moianesturisme.cat\/llocs-dinteres-per-visitar\/"},"modified":"2025-03-24T10:10:11","modified_gmt":"2025-03-24T09:10:11","slug":"lugares-de-interes-que-visitar","status":"publish","type":"page","link":"https:\/\/moianesturisme.cat\/es\/lugares-de-interes-que-visitar\/","title":{"rendered":"Lugares de inter\u00e9s a visitar"},"content":{"rendered":"<div class=\"wpb-content-wrapper\">[vc_row][vc_column][vc_column_text el_class=\u00bbintro\u00bb]\n<p class=\"\" style=\"text-align: left;\" data-start=\"112\" data-end=\"141\"><strong data-start=\"112\" data-end=\"139\">Bienvenidos al Moian\u00e8s,<\/strong><\/p>\n<p class=\"\" style=\"text-align: left;\" data-start=\"143\" data-end=\"402\">La armon\u00eda natural de un paisaje sereno y cautivador, tan cercano y accesible. Una maravilla de bosques a escala humana, hayedos, robledales&#8230; Dolmenes milenarios, pozos de hielo y cuevas prehist\u00f3ricas que nos transportan a la vida de nuestros antepasados.<\/p>\n<p class=\"\" style=\"text-align: left;\" data-start=\"404\" data-end=\"638\">Ermitas, mas\u00edas, esplugas y pueblos de piedra que cuentan historias de vida y sus gentes; iglesias, castillos, monasterios, arte barroco, arte rom\u00e1nico&#8230; Huellas de un rico patrimonio hist\u00f3rico y art\u00edstico que perdura en el tiempo.<\/p>\n<p class=\"\" style=\"text-align: left;\" data-start=\"640\" data-end=\"699\">Mercados, ferias, gastronom\u00eda de interior y de monta\u00f1a&#8230;<\/p>\n<p class=\"\" style=\"text-align: left;\" data-start=\"701\" data-end=\"744\"><strong>&#8230;un aut\u00e9ntico placer para los sentidos.<\/strong><\/p>\n[\/vc_column_text][\/vc_column][\/vc_row][vc_row][vc_column][vc_custom_heading text=\u00bbLugares a visitar\u00bb font_container=\u00bbtag:h1|text_align:left\u00bb use_theme_fonts=\u00bbyes\u00bb css=\u00bb\u00bb el_class=\u00bbportfolio\u00bb][vc_separator][vc_basic_grid post_type=\u00bbproject\u00bb max_items=\u00bb\u00bb show_filter=\u00bbyes\u00bb element_width=\u00bb3&#8243; orderby=\u00bbtitle\u00bb order=\u00bbASC\u00bb filter_style=\u00bbbordered-rounded\u00bb item=\u00bb10741&#8243; grid_id=\u00bbvc_gid:1742807271408-dc1640b3-3991-8&#8243; taxonomies=\u00bb65&#8243; filter_source=\u00bbfilter-portfolio\u00bb][\/vc_column][\/vc_row][vc_row][vc_column][vc_empty_space height=\u00bb100px\u00bb][\/vc_column][\/vc_row]\n<\/div>","protected":false},"excerpt":{"rendered":"<p>[vc_row][vc_column][vc_column_text el_class=\u00bbintro\u00bb] Bienvenidos al Moian\u00e8s, La armon\u00eda natural de un paisaje sereno y cautivador, tan cercano y accesible. Una maravilla de bosques a escala humana, hayedos, robledales&#8230; Dolmenes milenarios, pozos de hielo y cuevas prehist\u00f3ricas que nos transportan a la vida de nuestros antepasados. Ermitas, mas\u00edas, esplugas y pueblos de piedra que cuentan historias de [&hellip;]<\/p>\n","protected":false},"author":1,"featured_media":0,"parent":0,"menu_order":5,"comment_status":"closed","ping_status":"closed","template":"page-templates\/page-content-home.php","meta":{"_acf_changed":false,"_monsterinsights_skip_tracking":false,"_monsterinsights_sitenote_active":false,"_monsterinsights_sitenote_note":"","_monsterinsights_sitenote_category":0,"footnotes":""},"class_list":["post-13461","page","type-page","status-publish","hentry"],"acf":[],"_links":{"self":[{"href":"https:\/\/moianesturisme.cat\/es\/wp-json\/wp\/v2\/pages\/13461","targetHints":{"allow":["GET"]}}],"collection":[{"href":"https:\/\/moianesturisme.cat\/es\/wp-json\/wp\/v2\/pages"}],"about":[{"href":"https:\/\/moianesturisme.cat\/es\/wp-json\/wp\/v2\/types\/page"}],"author":[{"embeddable":true,"href":"https:\/\/moianesturisme.cat\/es\/wp-json\/wp\/v2\/users\/1"}],"replies":[{"embeddable":true,"href":"https:\/\/moianesturisme.cat\/es\/wp-json\/wp\/v2\/comments?post=13461"}],"version-history":[{"count":6,"href":"https:\/\/moianesturisme.cat\/es\/wp-json\/wp\/v2\/pages\/13461\/revisions"}],"predecessor-version":[{"id":18740,"href":"https:\/\/moianesturisme.cat\/es\/wp-json\/wp\/v2\/pages\/13461\/revisions\/18740"}],"wp:attachment":[{"href":"https:\/\/moianesturisme.cat\/es\/wp-json\/wp\/v2\/media?parent=13461"}],"curies":[{"name":"wp","href":"https:\/\/api.w.org\/{rel}","templated":true}]}}