{"id":13398,"date":"2013-10-10T07:58:52","date_gmt":"2013-10-10T07:58:52","guid":{"rendered":"http:\/\/moianesturisme.cat\/contact\/"},"modified":"2020-06-01T10:43:27","modified_gmt":"2020-06-01T09:43:27","slug":"contacto","status":"publish","type":"page","link":"https:\/\/moianesturisme.cat\/es\/contacto\/","title":{"rendered":"Inf\u00f3rmate bien"},"content":{"rendered":"<div class=\"wpb-content-wrapper\">[vc_row][vc_column][vc_custom_heading source=\u00bbpost_title\u00bb font_container=\u00bbtag:h1|text_align:left\u00bb use_theme_fonts=\u00bbyes\u00bb][vc_empty_space height=\u00bb16px\u00bb][vc_separator][\/vc_column][\/vc_row][vc_row][vc_column][vc_gmaps link=\u00bb#E-8_JTNDaWZyYW1lJTIwc3JjJTNEJTIyaHR0cHMlM0ElMkYlMkZ3d3cuZ29vZ2xlLmNvbSUyRm1hcHMlMkZlbWJlZCUzRnBiJTNEJTIxMW0xOCUyMTFtMTIlMjExbTMlMjExZDI5NzMuNzM5NzkxOTU1MDQ4NSUyMTJkMi4wOTUyMzEwNTEzNzM4NzglMjEzZDQxLjgxMjM2NTU3OTEyNTQ4JTIxMm0zJTIxMWYwJTIxMmYwJTIxM2YwJTIxM20yJTIxMWkxMDI0JTIxMmk3NjglMjE0ZjEzLjElMjEzbTMlMjExbTIlMjExczB4MTJhNGU2ZDA2OGU0ZTljMSUyNTNBMHhjZDY4MWQzZDFiYmVmZWZlJTIxMnNDb25zb3JjaSUyQmRlbCUyQk1vaWFuJTI1QzMlMjVBOHMlMjE1ZTAlMjEzbTIlMjExc2VzJTIxMnNlcyUyMTR2MTU1MDc1MDg2MTM4NCUyMiUyMHdpZHRoJTNEJTIyNjAwJTIyJTIwaGVpZ2h0JTNEJTIyNDUwJTIyJTIwZnJhbWVib3JkZXIlM0QlMjIwJTIyJTIwc3R5bGUlM0QlMjJib3JkZXIlM0EwJTIyJTIwYWxsb3dmdWxsc2NyZWVuJTNFJTNDJTJGaWZyYW1lJTNF\u00bb][vc_column_text]\n<h4><a href=\"mailto:turisme@consorcidelmoianes.cat\" target=\"_blank\" rel=\"noopener noreferrer\">turisme@consorcidelmoianes.cat<\/a><br \/>\n[+34]\u00a093 830 14 18<br \/>\nCan Carner.\u00a0Carrer Joies 11- 13. 08180 Moi\u00e0<br \/>\n<a href=\"http:\/\/www.consorcidelmoianes.cat\" target=\"_blank\" rel=\"noopener noreferrer\">www.consorcidelmoianes.cat<\/a><\/h4>\n[\/vc_column_text][vc_column_text]<strong>Horari Oficina de Turisme del Moian\u00e8s:<\/strong><\/p>\n<p>\u2013 De dilluns a divendres de 9 del mat\u00ed a 2 del migdia i de 4 a 7 de la tarda<br \/>\n\u2013 Dissabtes, diumenges i festius de 10 a 2 del migdia[\/vc_column_text][vc_separator][vc_column_text]\n<h4>Tamb\u00e9 ens podeu fer arribar dubtes<br \/>\na trav\u00e9s de la p\u00e0gina de \u00a0<a href=\"https:\/\/www.facebook.com\/consorcidelmoianes\" target=\"_blank\" rel=\"noopener noreferrer\">Facebook<\/a><br \/>\ni el nostre compte de \u00a0<a href=\"https:\/\/twitter.com\/cmoianes\" target=\"_blank\" rel=\"noopener noreferrer\">Twitter<\/a><\/h4>\n[\/vc_column_text][vc_separator][vc_custom_heading text=\u00bbFormulari de contacte\u00bb use_theme_fonts=\u00bbyes\u00bb][vc_empty_space height=\u00bb16px\u00bb][vc_column_text]Podeu contactar amb nosaltres a trav\u00e9s d&#8217;aquest formulari.<\/p>\n\n<div class=\"wpcf7 no-js\" id=\"wpcf7-f1411-o1\" lang=\"en-US\" dir=\"ltr\" data-wpcf7-id=\"1411\">\n<div class=\"screen-reader-response\"><p role=\"status\" aria-live=\"polite\" aria-atomic=\"true\"><\/p> <ul><\/ul><\/div>\n<form action=\"\/es\/wp-json\/wp\/v2\/pages\/13398#wpcf7-f1411-o1\" method=\"post\" class=\"wpcf7-form init\" aria-label=\"Contact form\" novalidate=\"novalidate\" data-status=\"init\">\n<div style=\"display: none;\">\n<input type=\"hidden\" name=\"_wpcf7\" value=\"1411\" \/>\n<input type=\"hidden\" name=\"_wpcf7_version\" value=\"6.0.4\" \/>\n<input type=\"hidden\" name=\"_wpcf7_locale\" value=\"en_US\" \/>\n<input type=\"hidden\" name=\"_wpcf7_unit_tag\" value=\"wpcf7-f1411-o1\" \/>\n<input type=\"hidden\" name=\"_wpcf7_container_post\" value=\"0\" \/>\n<input type=\"hidden\" name=\"_wpcf7_posted_data_hash\" value=\"\" \/>\n<\/div>\n<p>Nom\n<\/p>\n<p><span class=\"wpcf7-form-control-wrap\" data-name=\"your-name\"><input size=\"40\" maxlength=\"400\" class=\"wpcf7-form-control wpcf7-text wpcf7-validates-as-required\" aria-required=\"true\" aria-invalid=\"false\" value=\"\" type=\"text\" name=\"your-name\" \/><\/span>\n<\/p>\n<p>Email\n<\/p>\n<p><span class=\"wpcf7-form-control-wrap\" data-name=\"your-email\"><input size=\"40\" maxlength=\"400\" class=\"wpcf7-form-control wpcf7-email wpcf7-validates-as-required wpcf7-text wpcf7-validates-as-email\" aria-required=\"true\" aria-invalid=\"false\" value=\"\" type=\"email\" name=\"your-email\" \/><\/span>\n<\/p>\n<p>Tel\u00e8fon (opcional)\n<\/p>\n<p><span class=\"wpcf7-form-control-wrap\" data-name=\"telefon\"><input size=\"40\" maxlength=\"400\" class=\"wpcf7-form-control wpcf7-tel wpcf7-text wpcf7-validates-as-tel\" aria-invalid=\"false\" value=\"\" type=\"tel\" name=\"telefon\" \/><\/span>\n<\/p>\n<p>Subjecte\n<\/p>\n<p><span class=\"wpcf7-form-control-wrap\" data-name=\"your-subject\"><input size=\"40\" maxlength=\"400\" class=\"wpcf7-form-control wpcf7-text\" aria-invalid=\"false\" value=\"\" type=\"text\" name=\"your-subject\" \/><\/span>\n<\/p>\n<p>Missatge\n<\/p>\n<p><span class=\"wpcf7-form-control-wrap\" data-name=\"your-message\"><textarea cols=\"40\" rows=\"10\" maxlength=\"2000\" class=\"wpcf7-form-control wpcf7-textarea\" aria-invalid=\"false\" name=\"your-message\"><\/textarea><\/span>\n<\/p>\n<fieldset>\n\t<div class=\"field-form legal-note\">\n\t\t<p><span class=\"wpcf7-form-control-wrap\" data-name=\"acceptance-807\"><span class=\"wpcf7-form-control wpcf7-acceptance\"><span class=\"wpcf7-list-item\"><input type=\"checkbox\" name=\"acceptance-807\" value=\"1\" aria-invalid=\"false\" \/><\/span><\/span><\/span> Accepto\n\t\t<\/p>\n\t\t<p><b>Informaci\u00f3 b\u00e0sica sobre Protecci\u00f3 de dades<\/b>\n\t\t<\/p>\n\t\t<p>Responsable: Consorci per a la promoci\u00f3 dels municipis del Moian\u00e8s<br \/>\nDelegat de Protecci\u00f3 de Dades: cmoianes@diba.cat<br \/>\nFinalitat: Gesti\u00f3 dels serveis que ofereix el Consorci del Moian\u00e8s en mat\u00e8ria de turisme.<br \/>\nLegitimaci\u00f3: Exercici de poders p\u00fablics (Article 6.1.e del RGPD 2016\/679 \u2013 Art.8 LOPD)<br \/>\nDrets dels titulars: D\u2019acc\u00e9s, rectificaci\u00f3, supressi\u00f3, limitaci\u00f3 del tractament, i d\u2019oposici\u00f3 al tractament, dirigint-se al Consorci per a la promoci\u00f3 dels municipis del Moian\u00e8s, al carrer Joies 11-13, 08180 Moi\u00e0.<br \/>\nM\u00e9s informaci\u00f3 sobre protecci\u00f3 de dades a: <a href=\"http:\/\/www.consorcidelmoianes.cat\/ca\/consorci\/el-consorci-proteccio-de-dades\">http:\/\/www.consorcidelmoianes.cat\/ca\/consorci\/el-consorci-proteccio-de-dades<\/a>\n\t\t<\/p>\n\t<\/div>\n<\/fieldset>\n<fieldset>\n\t<div class=\"field-form\">\n\t\t<p><label><b>Captcha:<\/b><\/label>\n\t\t<\/p>\n\t\t<p><input type=\"hidden\" name=\"_wpcf7_captcha_challenge_captcha-372\" value=\"16065775\" \/><img loading=\"lazy\" decoding=\"async\" class=\"wpcf7-form-control wpcf7-captchac wpcf7-captcha-captcha-372\" width=\"72\" height=\"24\" alt=\"captcha\" src=\"https:\/\/moianesturisme.cat\/wp-content\/uploads\/wpcf7_captcha\/16065775.png\" \/><span class=\"wpcf7-form-control-wrap\" data-name=\"captcha-372\"><input size=\"50\" class=\"wpcf7-form-control wpcf7-captchar\" autocomplete=\"off\" aria-invalid=\"false\" value=\"\" type=\"text\" name=\"captcha-372\" \/><\/span>\n\t\t<\/p>\n\t<\/div>\n\t<p><input class=\"wpcf7-form-control wpcf7-submit has-spinner\" type=\"submit\" value=\"Envia\" \/>\n\t<\/p>\n<\/fieldset><p style=\"display: none !important;\" class=\"akismet-fields-container\" data-prefix=\"_wpcf7_ak_\"><label>&#916;<textarea name=\"_wpcf7_ak_hp_textarea\" cols=\"45\" rows=\"8\" maxlength=\"100\"><\/textarea><\/label><input type=\"hidden\" id=\"ak_js_1\" name=\"_wpcf7_ak_js\" value=\"108\"\/><script>document.getElementById( \"ak_js_1\" ).setAttribute( \"value\", ( new Date() ).getTime() );<\/script><\/p><div class=\"wpcf7-response-output\" aria-hidden=\"true\"><\/div>\n<\/form>\n<\/div>\n[\/vc_column_text][vc_empty_space height=\u00bb16px\u00bb][\/vc_column][\/vc_row][vc_row][vc_column][vc_empty_space height=\u00bb100px\u00bb][\/vc_column][\/vc_row]\n<\/div>","protected":false},"excerpt":{"rendered":"<p>[vc_row][vc_column][vc_custom_heading source=\u00bbpost_title\u00bb font_container=\u00bbtag:h1|text_align:left\u00bb use_theme_fonts=\u00bbyes\u00bb][vc_empty_space height=\u00bb16px\u00bb][vc_separator][\/vc_column][\/vc_row][vc_row][vc_column][vc_gmaps link=\u00bb#E-8_JTNDaWZyYW1lJTIwc3JjJTNEJTIyaHR0cHMlM0ElMkYlMkZ3d3cuZ29vZ2xlLmNvbSUyRm1hcHMlMkZlbWJlZCUzRnBiJTNEJTIxMW0xOCUyMTFtMTIlMjExbTMlMjExZDI5NzMuNzM5NzkxOTU1MDQ4NSUyMTJkMi4wOTUyMzEwNTEzNzM4NzglMjEzZDQxLjgxMjM2NTU3OTEyNTQ4JTIxMm0zJTIxMWYwJTIxMmYwJTIxM2YwJTIxM20yJTIxMWkxMDI0JTIxMmk3NjglMjE0ZjEzLjElMjEzbTMlMjExbTIlMjExczB4MTJhNGU2ZDA2OGU0ZTljMSUyNTNBMHhjZDY4MWQzZDFiYmVmZWZlJTIxMnNDb25zb3JjaSUyQmRlbCUyQk1vaWFuJTI1QzMlMjVBOHMlMjE1ZTAlMjEzbTIlMjExc2VzJTIxMnNlcyUyMTR2MTU1MDc1MDg2MTM4NCUyMiUyMHdpZHRoJTNEJTIyNjAwJTIyJTIwaGVpZ2h0JTNEJTIyNDUwJTIyJTIwZnJhbWVib3JkZXIlM0QlMjIwJTIyJTIwc3R5bGUlM0QlMjJib3JkZXIlM0EwJTIyJTIwYWxsb3dmdWxsc2NyZWVuJTNFJTNDJTJGaWZyYW1lJTNF\u00bb][vc_column_text] turisme@consorcidelmoianes.cat [+34]\u00a093 830 14 18 Can Carner.\u00a0Carrer Joies 11- 13. 08180 Moi\u00e0 www.consorcidelmoianes.cat [\/vc_column_text][vc_column_text]Horari Oficina de Turisme del Moian\u00e8s: \u2013 De dilluns a divendres de 9 del mat\u00ed a 2 del migdia i de 4 a 7 de la tarda \u2013 Dissabtes, diumenges i festius de 10 a 2 [&hellip;]<\/p>\n","protected":false},"author":1,"featured_media":0,"parent":0,"menu_order":16,"comment_status":"open","ping_status":"open","template":"page-templates\/page-content-full.php","meta":{"_acf_changed":false,"_monsterinsights_skip_tracking":false,"_monsterinsights_sitenote_active":false,"_monsterinsights_sitenote_note":"","_monsterinsights_sitenote_category":0,"footnotes":""},"class_list":["post-13398","page","type-page","status-publish","hentry"],"acf":[],"_links":{"self":[{"href":"https:\/\/moianesturisme.cat\/es\/wp-json\/wp\/v2\/pages\/13398","targetHints":{"allow":["GET"]}}],"collection":[{"href":"https:\/\/moianesturisme.cat\/es\/wp-json\/wp\/v2\/pages"}],"about":[{"href":"https:\/\/moianesturisme.cat\/es\/wp-json\/wp\/v2\/types\/page"}],"author":[{"embeddable":true,"href":"https:\/\/moianesturisme.cat\/es\/wp-json\/wp\/v2\/users\/1"}],"replies":[{"embeddable":true,"href":"https:\/\/moianesturisme.cat\/es\/wp-json\/wp\/v2\/comments?post=13398"}],"version-history":[{"count":1,"href":"https:\/\/moianesturisme.cat\/es\/wp-json\/wp\/v2\/pages\/13398\/revisions"}],"predecessor-version":[{"id":13405,"href":"https:\/\/moianesturisme.cat\/es\/wp-json\/wp\/v2\/pages\/13398\/revisions\/13405"}],"wp:attachment":[{"href":"https:\/\/moianesturisme.cat\/es\/wp-json\/wp\/v2\/media?parent=13398"}],"curies":[{"name":"wp","href":"https:\/\/api.w.org\/{rel}","templated":true}]}}