{"id":13386,"date":"2013-11-03T22:10:42","date_gmt":"2013-11-03T22:10:42","guid":{"rendered":"http:\/\/moianesturisme.cat\/on-comprar\/"},"modified":"2025-03-24T10:28:08","modified_gmt":"2025-03-24T09:28:08","slug":"on-comprar","status":"publish","type":"page","link":"https:\/\/moianesturisme.cat\/es\/on-comprar\/","title":{"rendered":"\u00bfDonde comprar?"},"content":{"rendered":"<div class=\"wpb-content-wrapper\">[vc_row][vc_column][vc_column_text el_class=\u00bbintro\u00bb]\n<p class=\"\" style=\"text-align: left;\" data-start=\"0\" data-end=\"169\">Los pueblos del Moian\u00e8s tambi\u00e9n cuentan con encantadores n\u00facleos comerciales, donde descubrir\u00e9is los mejores productos de la tierra, artesanales y de gran calidad.<\/p>\n<p class=\"\" style=\"text-align: left;\" data-start=\"171\" data-end=\"280\">Alimentaci\u00f3n, productos ecol\u00f3gicos, moda, libros, joyas&#8230;<br data-start=\"229\" data-end=\"232\" \/>\u00a1D\u00e9jate seducir por las compras en el Moian\u00e8s!<\/p>\n[\/vc_column_text][vc_empty_space][\/vc_column][\/vc_row][vc_row][vc_column][vc_custom_heading source=\u00bbpost_title\u00bb font_container=\u00bbtag:h1|text_align:left\u00bb use_theme_fonts=\u00bbyes\u00bb el_class=\u00bbportfolio\u00bb][vc_separator][vc_basic_grid post_type=\u00bbproject\u00bb max_items=\u00bb\u00bb show_filter=\u00bbyes\u00bb element_width=\u00bb3&#8243; orderby=\u00bbtitle\u00bb order=\u00bbASC\u00bb filter_style=\u00bbbordered-rounded\u00bb item=\u00bb10741&#8243; grid_id=\u00bbvc_gid:1558718526796-425abddc-32d7-1&#8243; taxonomies=\u00bb32&#8243; filter_source=\u00bbfilter-portfolio\u00bb][\/vc_column][\/vc_row][vc_row][vc_column][vc_empty_space height=\u00bb100px\u00bb][\/vc_column][\/vc_row]\n<\/div>","protected":false},"excerpt":{"rendered":"<p>[vc_row][vc_column][vc_column_text el_class=\u00bbintro\u00bb] Los pueblos del Moian\u00e8s tambi\u00e9n cuentan con encantadores n\u00facleos comerciales, donde descubrir\u00e9is los mejores productos de la tierra, artesanales y de gran calidad. Alimentaci\u00f3n, productos ecol\u00f3gicos, moda, libros, joyas&#8230;\u00a1D\u00e9jate seducir por las compras en el Moian\u00e8s! [\/vc_column_text][vc_empty_space][\/vc_column][\/vc_row][vc_row][vc_column][vc_custom_heading source=\u00bbpost_title\u00bb font_container=\u00bbtag:h1|text_align:left\u00bb use_theme_fonts=\u00bbyes\u00bb el_class=\u00bbportfolio\u00bb][vc_separator][vc_basic_grid post_type=\u00bbproject\u00bb max_items=\u00bb\u00bb show_filter=\u00bbyes\u00bb element_width=\u00bb3&#8243; orderby=\u00bbtitle\u00bb order=\u00bbASC\u00bb filter_style=\u00bbbordered-rounded\u00bb item=\u00bb10741&#8243; grid_id=\u00bbvc_gid:1558718526796-425abddc-32d7-1&#8243; taxonomies=\u00bb32&#8243; filter_source=\u00bbfilter-portfolio\u00bb][\/vc_column][\/vc_row][vc_row][vc_column][vc_empty_space height=\u00bb100px\u00bb][\/vc_column][\/vc_row]<\/p>\n","protected":false},"author":1,"featured_media":0,"parent":0,"menu_order":12,"comment_status":"closed","ping_status":"closed","template":"page-templates\/page-content-home.php","meta":{"_acf_changed":false,"_monsterinsights_skip_tracking":false,"_monsterinsights_sitenote_active":false,"_monsterinsights_sitenote_note":"","_monsterinsights_sitenote_category":0,"footnotes":""},"class_list":["post-13386","page","type-page","status-publish","hentry"],"acf":[],"_links":{"self":[{"href":"https:\/\/moianesturisme.cat\/es\/wp-json\/wp\/v2\/pages\/13386","targetHints":{"allow":["GET"]}}],"collection":[{"href":"https:\/\/moianesturisme.cat\/es\/wp-json\/wp\/v2\/pages"}],"about":[{"href":"https:\/\/moianesturisme.cat\/es\/wp-json\/wp\/v2\/types\/page"}],"author":[{"embeddable":true,"href":"https:\/\/moianesturisme.cat\/es\/wp-json\/wp\/v2\/users\/1"}],"replies":[{"embeddable":true,"href":"https:\/\/moianesturisme.cat\/es\/wp-json\/wp\/v2\/comments?post=13386"}],"version-history":[{"count":4,"href":"https:\/\/moianesturisme.cat\/es\/wp-json\/wp\/v2\/pages\/13386\/revisions"}],"predecessor-version":[{"id":18743,"href":"https:\/\/moianesturisme.cat\/es\/wp-json\/wp\/v2\/pages\/13386\/revisions\/18743"}],"wp:attachment":[{"href":"https:\/\/moianesturisme.cat\/es\/wp-json\/wp\/v2\/media?parent=13386"}],"curies":[{"name":"wp","href":"https:\/\/api.w.org\/{rel}","templated":true}]}}