{"id":13350,"date":"2020-03-30T08:02:28","date_gmt":"2020-03-30T07:02:28","guid":{"rendered":"http:\/\/moianesturisme.cat\/rutas-turisticas\/rutes-de-llarg-recorregut\/"},"modified":"2020-06-01T10:33:56","modified_gmt":"2020-06-01T09:33:56","slug":"rutas-de-largo-recorrido","status":"publish","type":"page","link":"https:\/\/moianesturisme.cat\/es\/rutas-turisticas\/rutas-de-largo-recorrido\/","title":{"rendered":"Rutas de largo recorrido"},"content":{"rendered":"<div class=\"wpb-content-wrapper\">[vc_row][vc_column][vc_column_text el_class=\u00bbintro\u00bb]\n<p style=\"text-align: left;\">Aqu\u00ed trobareu rutes de llarg recorregut com la Ronda del Moian\u00e8s, que uneix les deu poblacions de la comarca, i la ruta dels Territoris Serens, que travessa pel Moian\u00e8s, i podreu resseguir l\u2019antic cam\u00ed ral, recentment restaurat, entre d\u2019altres.<\/p>\n[\/vc_column_text][vc_empty_space][\/vc_column][\/vc_row][vc_row][vc_column][vc_custom_heading source=\u00bbpost_title\u00bb font_container=\u00bbtag:h1|text_align:left\u00bb use_theme_fonts=\u00bbyes\u00bb el_class=\u00bbportfolio\u00bb][vc_separator][vc_basic_grid post_type=\u00bbproject\u00bb max_items=\u00bb\u00bb show_filter=\u00bbyes\u00bb element_width=\u00bb3&#8243; orderby=\u00bbtitle\u00bb order=\u00bbASC\u00bb filter_style=\u00bbbordered-rounded\u00bb item=\u00bb12616&#8243; grid_id=\u00bbvc_gid:1585558471056-9fed4c03-c565-6&#8243; taxonomies=\u00bb98&#8243; filter_source=\u00bbfilter-portfolio\u00bb][\/vc_column][\/vc_row][vc_row][vc_column][vc_empty_space height=\u00bb100px\u00bb][\/vc_column][\/vc_row]\n<\/div>","protected":false},"excerpt":{"rendered":"<p>[vc_row][vc_column][vc_column_text el_class=\u00bbintro\u00bb] Aqu\u00ed trobareu rutes de llarg recorregut com la Ronda del Moian\u00e8s, que uneix les deu poblacions de la comarca, i la ruta dels Territoris Serens, que travessa pel Moian\u00e8s, i podreu resseguir l\u2019antic cam\u00ed ral, recentment restaurat, entre d\u2019altres. [\/vc_column_text][vc_empty_space][\/vc_column][\/vc_row][vc_row][vc_column][vc_custom_heading source=\u00bbpost_title\u00bb font_container=\u00bbtag:h1|text_align:left\u00bb use_theme_fonts=\u00bbyes\u00bb el_class=\u00bbportfolio\u00bb][vc_separator][vc_basic_grid post_type=\u00bbproject\u00bb max_items=\u00bb\u00bb show_filter=\u00bbyes\u00bb element_width=\u00bb3&#8243; orderby=\u00bbtitle\u00bb order=\u00bbASC\u00bb filter_style=\u00bbbordered-rounded\u00bb item=\u00bb12616&#8243; grid_id=\u00bbvc_gid:1585558471056-9fed4c03-c565-6&#8243; [&hellip;]<\/p>\n","protected":false},"author":7,"featured_media":0,"parent":13331,"menu_order":2,"comment_status":"closed","ping_status":"closed","template":"page-templates\/page-content-home.php","meta":{"_acf_changed":false,"_monsterinsights_skip_tracking":false,"_monsterinsights_sitenote_active":false,"_monsterinsights_sitenote_note":"","_monsterinsights_sitenote_category":0,"footnotes":""},"class_list":["post-13350","page","type-page","status-publish","hentry"],"acf":[],"_links":{"self":[{"href":"https:\/\/moianesturisme.cat\/es\/wp-json\/wp\/v2\/pages\/13350","targetHints":{"allow":["GET"]}}],"collection":[{"href":"https:\/\/moianesturisme.cat\/es\/wp-json\/wp\/v2\/pages"}],"about":[{"href":"https:\/\/moianesturisme.cat\/es\/wp-json\/wp\/v2\/types\/page"}],"author":[{"embeddable":true,"href":"https:\/\/moianesturisme.cat\/es\/wp-json\/wp\/v2\/users\/7"}],"replies":[{"embeddable":true,"href":"https:\/\/moianesturisme.cat\/es\/wp-json\/wp\/v2\/comments?post=13350"}],"version-history":[{"count":1,"href":"https:\/\/moianesturisme.cat\/es\/wp-json\/wp\/v2\/pages\/13350\/revisions"}],"predecessor-version":[{"id":13351,"href":"https:\/\/moianesturisme.cat\/es\/wp-json\/wp\/v2\/pages\/13350\/revisions\/13351"}],"up":[{"embeddable":true,"href":"https:\/\/moianesturisme.cat\/es\/wp-json\/wp\/v2\/pages\/13331"}],"wp:attachment":[{"href":"https:\/\/moianesturisme.cat\/es\/wp-json\/wp\/v2\/media?parent=13350"}],"curies":[{"name":"wp","href":"https:\/\/api.w.org\/{rel}","templated":true}]}}