{"id":13349,"date":"2020-03-30T07:57:28","date_gmt":"2020-03-30T06:57:28","guid":{"rendered":"http:\/\/moianesturisme.cat\/rutas-turisticas\/rutes-btt\/"},"modified":"2020-06-01T10:34:00","modified_gmt":"2020-06-01T09:34:00","slug":"rutas-btt","status":"publish","type":"page","link":"https:\/\/moianesturisme.cat\/es\/rutas-turisticas\/rutas-btt\/","title":{"rendered":"Rutas BTT"},"content":{"rendered":"<div class=\"wpb-content-wrapper\">[vc_row][vc_column][vc_column_text el_class=\u00bbintro\u00bb]\n<p style=\"text-align: left;\">Us fem una selecci\u00f3 de les rutes m\u00e9s llargues i amb camins i recorreguts adients per poder fer en bicicleta. Agafa la teva bicicleta i prepara\u2019t per rec\u00f3rrer el Moian\u00e8s, un destinaci\u00f3 tur\u00edstica amb un paisatge suau i ondulat ideal per fer en bicicleta.<\/p>\n[\/vc_column_text][vc_empty_space][\/vc_column][\/vc_row][vc_row][vc_column][vc_custom_heading source=\u00bbpost_title\u00bb font_container=\u00bbtag:h1|text_align:left\u00bb use_theme_fonts=\u00bbyes\u00bb el_class=\u00bbportfolio\u00bb][vc_separator][vc_basic_grid post_type=\u00bbproject\u00bb max_items=\u00bb\u00bb show_filter=\u00bbyes\u00bb element_width=\u00bb3&#8243; orderby=\u00bbtitle\u00bb order=\u00bbASC\u00bb filter_style=\u00bbbordered-rounded\u00bb item=\u00bb12616&#8243; grid_id=\u00bbvc_gid:1585558541575-1de786d0-3dba-8&#8243; taxonomies=\u00bb750&#8243; filter_source=\u00bbfilter-portfolio\u00bb][\/vc_column][\/vc_row][vc_row][vc_column][vc_empty_space height=\u00bb100px\u00bb][\/vc_column][\/vc_row]\n<\/div>","protected":false},"excerpt":{"rendered":"<p>[vc_row][vc_column][vc_column_text el_class=\u00bbintro\u00bb] Us fem una selecci\u00f3 de les rutes m\u00e9s llargues i amb camins i recorreguts adients per poder fer en bicicleta. Agafa la teva bicicleta i prepara\u2019t per rec\u00f3rrer el Moian\u00e8s, un destinaci\u00f3 tur\u00edstica amb un paisatge suau i ondulat ideal per fer en bicicleta. [\/vc_column_text][vc_empty_space][\/vc_column][\/vc_row][vc_row][vc_column][vc_custom_heading source=\u00bbpost_title\u00bb font_container=\u00bbtag:h1|text_align:left\u00bb use_theme_fonts=\u00bbyes\u00bb el_class=\u00bbportfolio\u00bb][vc_separator][vc_basic_grid post_type=\u00bbproject\u00bb max_items=\u00bb\u00bb show_filter=\u00bbyes\u00bb element_width=\u00bb3&#8243; [&hellip;]<\/p>\n","protected":false},"author":7,"featured_media":0,"parent":13331,"menu_order":3,"comment_status":"closed","ping_status":"closed","template":"page-templates\/page-content-home.php","meta":{"_acf_changed":false,"_monsterinsights_skip_tracking":false,"_monsterinsights_sitenote_active":false,"_monsterinsights_sitenote_note":"","_monsterinsights_sitenote_category":0,"footnotes":""},"class_list":["post-13349","page","type-page","status-publish","hentry"],"acf":[],"_links":{"self":[{"href":"https:\/\/moianesturisme.cat\/es\/wp-json\/wp\/v2\/pages\/13349","targetHints":{"allow":["GET"]}}],"collection":[{"href":"https:\/\/moianesturisme.cat\/es\/wp-json\/wp\/v2\/pages"}],"about":[{"href":"https:\/\/moianesturisme.cat\/es\/wp-json\/wp\/v2\/types\/page"}],"author":[{"embeddable":true,"href":"https:\/\/moianesturisme.cat\/es\/wp-json\/wp\/v2\/users\/7"}],"replies":[{"embeddable":true,"href":"https:\/\/moianesturisme.cat\/es\/wp-json\/wp\/v2\/comments?post=13349"}],"version-history":[{"count":1,"href":"https:\/\/moianesturisme.cat\/es\/wp-json\/wp\/v2\/pages\/13349\/revisions"}],"predecessor-version":[{"id":13352,"href":"https:\/\/moianesturisme.cat\/es\/wp-json\/wp\/v2\/pages\/13349\/revisions\/13352"}],"up":[{"embeddable":true,"href":"https:\/\/moianesturisme.cat\/es\/wp-json\/wp\/v2\/pages\/13331"}],"wp:attachment":[{"href":"https:\/\/moianesturisme.cat\/es\/wp-json\/wp\/v2\/media?parent=13349"}],"curies":[{"name":"wp","href":"https:\/\/api.w.org\/{rel}","templated":true}]}}