{"id":13331,"date":"2015-05-11T11:57:02","date_gmt":"2015-05-11T10:57:02","guid":{"rendered":"http:\/\/moianesturisme.cat\/rutes-turistiques\/"},"modified":"2020-06-01T10:19:36","modified_gmt":"2020-06-01T09:19:36","slug":"rutas-turisticas","status":"publish","type":"page","link":"https:\/\/moianesturisme.cat\/es\/rutas-turisticas\/","title":{"rendered":"Rutas tur\u00edsticas"},"content":{"rendered":"<div class=\"wpb-content-wrapper\">[vc_row][vc_column][vc_column_text el_class=\u00bbintro\u00bb]\n<p style=\"text-align: left;\" align=\"left\">El Moian\u00e8s, destinaci\u00f3 tradicional de l\u2019excursionisme, disposa d\u2019una estesa xarxa de camins senyalitzats que permet la tria d\u2019excursions a nivells diversos. Es pot escollir entre la passejada de mig dia o les travesseres d\u2019una o m\u00e9s jornades.\u00a0El relleu suau del Moian\u00e8s facilita les Travesseres a peu entre poblacions.<\/p>\n<p style=\"text-align: left;\" align=\"left\">A peu, en bicicleta o a cavall s\u00f3n especialment interessants les visites a les rouredes de Collsuspina i de Santa Coloma de Sasserra, a la petita fageda de la Sauva negre de Castellcir, a les ermites de Sant Cugat de Gavadors de Collsuspina de Sant Llogari i de Sant Juli\u00e0 d\u2019Uixols de Castellter\u00e7ol, al mirador del Pla de Trullars a Monistrol de Calders, al Puig Rod\u00f3 de Moi\u00e0, als Gorgs Blaus de Monistrol de Calders, la riera del Perer al terme de Moi\u00e0, al Mol\u00ed d\u2019en Sala de Monistrol de Calders, etc.<\/p>\n<p style=\"text-align: left;\" align=\"left\">Aqu\u00ed trobareu rutes de llarg recorregut com la Ronda del Moian\u00e8s, que uneix les deu poblacions i la ruta dels Territoris Serens, que travessa pel Moian\u00e8s, i podreu resseguir l\u2019antic cam\u00ed ral, recentment restaurat. Tamb\u00e9 hi ha rutes m\u00e9s curtes per pobles, adaptades a tots els nivells i a totes les edats. Les podreu fer caminant, amb bicicleta, a cavall&#8230;<\/p>\n<p style=\"text-align: left;\" align=\"left\"><strong>Vine, i descobreix el Moian\u00e8s!!!<\/strong><\/p>\n[\/vc_column_text][vc_empty_space][\/vc_column][\/vc_row][vc_row][vc_column][vc_custom_heading source=\u00bbpost_title\u00bb font_container=\u00bbtag:h1|text_align:left\u00bb use_theme_fonts=\u00bbyes\u00bb el_class=\u00bbportfolio\u00bb][vc_separator][vc_basic_grid post_type=\u00bbproject\u00bb max_items=\u00bb\u00bb show_filter=\u00bbyes\u00bb element_width=\u00bb3&#8243; orderby=\u00bbtitle\u00bb order=\u00bbASC\u00bb filter_style=\u00bbbordered-rounded\u00bb item=\u00bb12616&#8243; grid_id=\u00bbvc_gid:1585404664442-00156e79-97d9-0&#8243; taxonomies=\u00bb349&#8243; filter_source=\u00bbfilter-portfolio\u00bb][\/vc_column][\/vc_row][vc_row][vc_column][vc_empty_space height=\u00bb100px\u00bb][\/vc_column][\/vc_row]\n<\/div>","protected":false},"excerpt":{"rendered":"<p>[vc_row][vc_column][vc_column_text el_class=\u00bbintro\u00bb] El Moian\u00e8s, destinaci\u00f3 tradicional de l\u2019excursionisme, disposa d\u2019una estesa xarxa de camins senyalitzats que permet la tria d\u2019excursions a nivells diversos. Es pot escollir entre la passejada de mig dia o les travesseres d\u2019una o m\u00e9s jornades.\u00a0El relleu suau del Moian\u00e8s facilita les Travesseres a peu entre poblacions. A peu, en bicicleta o [&hellip;]<\/p>\n","protected":false},"author":1,"featured_media":0,"parent":0,"menu_order":5,"comment_status":"closed","ping_status":"closed","template":"page-templates\/page-content-home.php","meta":{"_acf_changed":false,"_monsterinsights_skip_tracking":false,"_monsterinsights_sitenote_active":false,"_monsterinsights_sitenote_note":"","_monsterinsights_sitenote_category":0,"footnotes":""},"class_list":["post-13331","page","type-page","status-publish","hentry"],"acf":[],"_links":{"self":[{"href":"https:\/\/moianesturisme.cat\/es\/wp-json\/wp\/v2\/pages\/13331","targetHints":{"allow":["GET"]}}],"collection":[{"href":"https:\/\/moianesturisme.cat\/es\/wp-json\/wp\/v2\/pages"}],"about":[{"href":"https:\/\/moianesturisme.cat\/es\/wp-json\/wp\/v2\/types\/page"}],"author":[{"embeddable":true,"href":"https:\/\/moianesturisme.cat\/es\/wp-json\/wp\/v2\/users\/1"}],"replies":[{"embeddable":true,"href":"https:\/\/moianesturisme.cat\/es\/wp-json\/wp\/v2\/comments?post=13331"}],"version-history":[{"count":2,"href":"https:\/\/moianesturisme.cat\/es\/wp-json\/wp\/v2\/pages\/13331\/revisions"}],"predecessor-version":[{"id":13339,"href":"https:\/\/moianesturisme.cat\/es\/wp-json\/wp\/v2\/pages\/13331\/revisions\/13339"}],"wp:attachment":[{"href":"https:\/\/moianesturisme.cat\/es\/wp-json\/wp\/v2\/media?parent=13331"}],"curies":[{"name":"wp","href":"https:\/\/api.w.org\/{rel}","templated":true}]}}