{"id":13325,"date":"2015-05-11T11:56:24","date_gmt":"2015-05-11T10:56:24","guid":{"rendered":"http:\/\/moianesturisme.cat\/que-puc-fer\/"},"modified":"2025-03-20T09:35:30","modified_gmt":"2025-03-20T08:35:30","slug":"que-puedo-hacer","status":"publish","type":"page","link":"https:\/\/moianesturisme.cat\/es\/que-puedo-hacer\/","title":{"rendered":"\u00bfQu\u00e9 puedo hacer?"},"content":{"rendered":"<div class=\"wpb-content-wrapper\">[vc_row][vc_column][vc_column_text el_class=\u00bbintro\u00bb]\n<p id=\"tw-target-text\" class=\"tw-data-text tw-text-large tw-ta\" dir=\"ltr\" data-placeholder=\"Traducci\u00f3\" data-ved=\"2ahUKEwiq4deElZiMAxULcfEDHfzxO5IQ3ewLegQICBAV\" aria-label=\"Text tradu\u00eft: En el Moian\u00e8s tambi\u00e9n encontrar\u00e1 deporte, aventura, motor, cultura, tranquilidad...\u00a0Su situaci\u00f3n privilegiada, cerca de las grandes ciudades, pero lejos al mismo tiempo, hace que el visitante pueda evadirse entre los bosques y la naturaleza o entre pueblos, tiendas y calles.\n\nPodr\u00e1 pasear a caballo, en bicicleta oa pie; dar clases de salto y doma; ver el paisaje desde el aire con ultraligero; jugar al golf, hacer supercross, motocross o trial en el circuito verde; realizar actividades escolares y de ocio; adentrarte en la prehistoria, seguir la Ronda del Moian\u00e8s; descubrir d\u00f3nde vivieron Enric Prat de la Riba y Rafael Casanova, o los monjes agustinianos...\n\nTodas estas actividades y muchas m\u00e1s para pas\u00e1rselo muy bien en el Moian\u00e8s!!!\"><span class=\"Y2IQFc\" lang=\"es\">En el Moian\u00e8s tambi\u00e9n encontrar\u00e1s deporte, aventura, motor, cultura, tranquilidad&#8230; Su situaci\u00f3n privilegiada, cerca de las grandes ciudades, pero lejos al mismo tiempo, hace que el visitante pueda evadirse entre los bosques y la naturaleza o entre pueblos, tiendas y calles. Podr\u00e1s pasear a caballo, en bicicleta o a pie; dar clases de salto y doma; ver el paisaje desde el aire con ultraligero; jugar al golf, hacer supercross, motocross o trial en el circuito verde; realizar actividades escolares y de ocio; adentrarte en la prehistoria, seguir la Ronda del Moian\u00e8s; descubrir d\u00f3nde vivieron Enric Prat de la Riba y Rafael Casanova, o los monjes agustinianos&#8230; Todas estas actividades y muchas m\u00e1s para pas\u00e1rselo muy bien en el Moian\u00e8s!!!<\/span><\/p>\n[\/vc_column_text][vc_empty_space][\/vc_column][\/vc_row][vc_row][vc_column][vc_custom_heading source=\u00bbpost_title\u00bb font_container=\u00bbtag:h1|text_align:left\u00bb use_theme_fonts=\u00bbyes\u00bb el_class=\u00bbportfolio\u00bb][vc_separator][vc_basic_grid post_type=\u00bbproject\u00bb max_items=\u00bb\u00bb show_filter=\u00bbyes\u00bb element_width=\u00bb3&#8243; orderby=\u00bbtitle\u00bb order=\u00bbASC\u00bb filter_style=\u00bbbordered-rounded\u00bb item=\u00bb10741&#8243; grid_id=\u00bbvc_gid:1558718012619-32c1d1e6-fa3d-9&#8243; taxonomies=\u00bb34&#8243; filter_source=\u00bbfilter-portfolio\u00bb][\/vc_column][\/vc_row][vc_row][vc_column][vc_empty_space height=\u00bb100px\u00bb][\/vc_column][\/vc_row]\n<\/div>","protected":false},"excerpt":{"rendered":"<p>[vc_row][vc_column][vc_column_text el_class=\u00bbintro\u00bb] En el Moian\u00e8s tambi\u00e9n encontrar\u00e1s deporte, aventura, motor, cultura, tranquilidad&#8230; Su situaci\u00f3n privilegiada, cerca de las grandes ciudades, pero lejos al mismo tiempo, hace que el visitante pueda evadirse entre los bosques y la naturaleza o entre pueblos, tiendas y calles. Podr\u00e1s pasear a caballo, en bicicleta o a pie; dar clases de [&hellip;]<\/p>\n","protected":false},"author":1,"featured_media":0,"parent":0,"menu_order":3,"comment_status":"closed","ping_status":"closed","template":"page-templates\/page-content-home.php","meta":{"_acf_changed":false,"_monsterinsights_skip_tracking":false,"_monsterinsights_sitenote_active":false,"_monsterinsights_sitenote_note":"","_monsterinsights_sitenote_category":0,"footnotes":""},"class_list":["post-13325","page","type-page","status-publish","hentry"],"acf":[],"_links":{"self":[{"href":"https:\/\/moianesturisme.cat\/es\/wp-json\/wp\/v2\/pages\/13325","targetHints":{"allow":["GET"]}}],"collection":[{"href":"https:\/\/moianesturisme.cat\/es\/wp-json\/wp\/v2\/pages"}],"about":[{"href":"https:\/\/moianesturisme.cat\/es\/wp-json\/wp\/v2\/types\/page"}],"author":[{"embeddable":true,"href":"https:\/\/moianesturisme.cat\/es\/wp-json\/wp\/v2\/users\/1"}],"replies":[{"embeddable":true,"href":"https:\/\/moianesturisme.cat\/es\/wp-json\/wp\/v2\/comments?post=13325"}],"version-history":[{"count":3,"href":"https:\/\/moianesturisme.cat\/es\/wp-json\/wp\/v2\/pages\/13325\/revisions"}],"predecessor-version":[{"id":18720,"href":"https:\/\/moianesturisme.cat\/es\/wp-json\/wp\/v2\/pages\/13325\/revisions\/18720"}],"wp:attachment":[{"href":"https:\/\/moianesturisme.cat\/es\/wp-json\/wp\/v2\/media?parent=13325"}],"curies":[{"name":"wp","href":"https:\/\/api.w.org\/{rel}","templated":true}]}}