{"id":13289,"date":"2015-05-11T11:55:38","date_gmt":"2015-05-11T10:55:38","guid":{"rendered":"http:\/\/moianesturisme.cat\/on-dormir\/"},"modified":"2025-03-24T09:45:53","modified_gmt":"2025-03-24T08:45:53","slug":"donde-dormir","status":"publish","type":"page","link":"https:\/\/moianesturisme.cat\/es\/donde-dormir\/","title":{"rendered":"\u00bfDonde dormir?"},"content":{"rendered":"<div class=\"wpb-content-wrapper\">[vc_row][vc_column][vc_column_text el_class=\u00bbintro\u00bb]\n<p id=\"tw-target-text\" class=\"tw-data-text tw-text-large tw-ta\" dir=\"ltr\" data-placeholder=\"Traducci\u00f3\" data-ved=\"2ahUKEwiq4deElZiMAxULcfEDHfzxO5IQ3ewLegQICBAV\" aria-label=\"Text tradu\u00eft: La comarca del Moian\u00e8s, en la Catalu\u00f1a central, le descubre un gran abanico de opciones para alojarse, que combinadas con su gastronom\u00eda, cultura, paisaje y trato humano, har\u00e1n de su estancia una experiencia que seguro repetir\u00e1.\n\nYa sea dormir en un alojamiento rural, hotel, apartamento, casa de colonias\u2026 las propuestas est\u00e1n llenas de personalidad, calidad y servicio. Y es que elija el alojamiento que elija, en cualquier lugar de la comarca, la tranquilidad, el trato familiar y el contacto directo con la naturaleza y el mundo rural est\u00e1n asegurados.\">La comarca del Moian\u00e8s, en el coraz\u00f3n de Catalu\u00f1a, le ofrece un sinf\u00edn de opciones de alojamiento que, junto con su rica gastronom\u00eda, su patrimonio cultural, su imponente paisaje y el trato cercano de su gente, convertir\u00e1n su estancia en una experiencia inolvidable que querr\u00e1 repetir. Desde alojamientos rurales, hoteles, apartamentos hasta casas de colonias, todas las opciones est\u00e1n impregnadas de personalidad, calidad y un servicio excepcional. Y es que, elija el alojamiento que elija, en cualquier rinc\u00f3n del Moian\u00e8s, podr\u00e1 disfrutar de la tranquilidad, el trato c\u00e1lido y familiar, y un contacto directo con la naturaleza y la vida rural, garantizados.<\/p>\n[\/vc_column_text][vc_empty_space][\/vc_column][\/vc_row][vc_row][vc_column][vc_custom_heading source=\u00bbpost_title\u00bb font_container=\u00bbtag:h1|text_align:left\u00bb use_theme_fonts=\u00bbyes\u00bb el_class=\u00bbportfolio\u00bb][vc_separator][vc_basic_grid post_type=\u00bbproject\u00bb max_items=\u00bb\u00bb show_filter=\u00bbyes\u00bb element_width=\u00bb3&#8243; orderby=\u00bbtitle\u00bb order=\u00bbASC\u00bb filter_style=\u00bbbordered-rounded\u00bb item=\u00bb10741&#8243; grid_id=\u00bbvc_gid:1558717825746-632dc2f6-e75c-8&#8243; taxonomies=\u00bb28&#8243; filter_source=\u00bbfilter-portfolio\u00bb][\/vc_column][\/vc_row][vc_row][vc_column][vc_empty_space height=\u00bb100px\u00bb][\/vc_column][\/vc_row]\n<\/div>","protected":false},"excerpt":{"rendered":"<p>[vc_row][vc_column][vc_column_text el_class=\u00bbintro\u00bb] La comarca del Moian\u00e8s, en el coraz\u00f3n de Catalu\u00f1a, le ofrece un sinf\u00edn de opciones de alojamiento que, junto con su rica gastronom\u00eda, su patrimonio cultural, su imponente paisaje y el trato cercano de su gente, convertir\u00e1n su estancia en una experiencia inolvidable que querr\u00e1 repetir. Desde alojamientos rurales, hoteles, apartamentos hasta casas [&hellip;]<\/p>\n","protected":false},"author":1,"featured_media":0,"parent":0,"menu_order":2,"comment_status":"closed","ping_status":"closed","template":"page-templates\/page-content-home.php","meta":{"_acf_changed":false,"_monsterinsights_skip_tracking":false,"_monsterinsights_sitenote_active":false,"_monsterinsights_sitenote_note":"","_monsterinsights_sitenote_category":0,"footnotes":""},"class_list":["post-13289","page","type-page","status-publish","hentry"],"acf":[],"_links":{"self":[{"href":"https:\/\/moianesturisme.cat\/es\/wp-json\/wp\/v2\/pages\/13289","targetHints":{"allow":["GET"]}}],"collection":[{"href":"https:\/\/moianesturisme.cat\/es\/wp-json\/wp\/v2\/pages"}],"about":[{"href":"https:\/\/moianesturisme.cat\/es\/wp-json\/wp\/v2\/types\/page"}],"author":[{"embeddable":true,"href":"https:\/\/moianesturisme.cat\/es\/wp-json\/wp\/v2\/users\/1"}],"replies":[{"embeddable":true,"href":"https:\/\/moianesturisme.cat\/es\/wp-json\/wp\/v2\/comments?post=13289"}],"version-history":[{"count":4,"href":"https:\/\/moianesturisme.cat\/es\/wp-json\/wp\/v2\/pages\/13289\/revisions"}],"predecessor-version":[{"id":18732,"href":"https:\/\/moianesturisme.cat\/es\/wp-json\/wp\/v2\/pages\/13289\/revisions\/18732"}],"wp:attachment":[{"href":"https:\/\/moianesturisme.cat\/es\/wp-json\/wp\/v2\/media?parent=13289"}],"curies":[{"name":"wp","href":"https:\/\/api.w.org\/{rel}","templated":true}]}}