{"id":11533,"date":"2019-04-26T13:18:39","date_gmt":"2019-04-26T12:18:39","guid":{"rendered":"http:\/\/moianesturisme.cat\/?page_id=11533"},"modified":"2023-07-27T09:45:53","modified_gmt":"2023-07-27T08:45:53","slug":"agenda-activitats","status":"publish","type":"page","link":"https:\/\/moianesturisme.cat\/es\/agenda-activitats\/","title":{"rendered":"Activitats d&#8217;inter\u00e8s tur\u00edstic, comercial i productes de la terra"},"content":{"rendered":"\n<p>En aquest apartat hi trobareu les activitats i els esdevenimenrs d&#8217;inter\u00e8s tur\u00edstic, comercial i productes de la terra que es fan als 10 municipis del Moian\u00e8s: Calders,\u00a0 Castellcir, Castellter\u00e7ol, Collsuspina, L&#8217;Estany, Granera, Moi\u00e0, Monistrol de Calders, Sant Quirze Safaja i Santa Maria d&#8217;Ol\u00f3.<\/p>\n","protected":false},"excerpt":{"rendered":"<p>En aquest apartat hi trobareu les activitats i els esdevenimenrs d&#8217;inter\u00e8s tur\u00edstic, comercial i productes de la terra que es fan als 10 municipis del Moian\u00e8s: Calders,\u00a0 Castellcir, Castellter\u00e7ol, Collsuspina, L&#8217;Estany, Granera, Moi\u00e0, Monistrol de Calders, Sant Quirze Safaja i Santa Maria d&#8217;Ol\u00f3.<\/p>\n","protected":false},"author":7,"featured_media":0,"parent":0,"menu_order":0,"comment_status":"closed","ping_status":"closed","template":"page-templates\/page-content-agenda.php","meta":{"_acf_changed":false,"_monsterinsights_skip_tracking":false,"_monsterinsights_sitenote_active":false,"_monsterinsights_sitenote_note":"","_monsterinsights_sitenote_category":0,"footnotes":""},"class_list":["post-11533","page","type-page","status-publish","hentry"],"acf":[],"_links":{"self":[{"href":"https:\/\/moianesturisme.cat\/es\/wp-json\/wp\/v2\/pages\/11533","targetHints":{"allow":["GET"]}}],"collection":[{"href":"https:\/\/moianesturisme.cat\/es\/wp-json\/wp\/v2\/pages"}],"about":[{"href":"https:\/\/moianesturisme.cat\/es\/wp-json\/wp\/v2\/types\/page"}],"author":[{"embeddable":true,"href":"https:\/\/moianesturisme.cat\/es\/wp-json\/wp\/v2\/users\/7"}],"replies":[{"embeddable":true,"href":"https:\/\/moianesturisme.cat\/es\/wp-json\/wp\/v2\/comments?post=11533"}],"version-history":[{"count":14,"href":"https:\/\/moianesturisme.cat\/es\/wp-json\/wp\/v2\/pages\/11533\/revisions"}],"predecessor-version":[{"id":17618,"href":"https:\/\/moianesturisme.cat\/es\/wp-json\/wp\/v2\/pages\/11533\/revisions\/17618"}],"wp:attachment":[{"href":"https:\/\/moianesturisme.cat\/es\/wp-json\/wp\/v2\/media?parent=11533"}],"curies":[{"name":"wp","href":"https:\/\/api.w.org\/{rel}","templated":true}]}}