{"id":6472,"date":"2013-10-10T07:58:52","date_gmt":"2013-10-10T07:58:52","guid":{"rendered":"http:\/\/moianesturisme.cat\/en\/contact\/"},"modified":"2019-07-11T10:23:56","modified_gmt":"2019-07-11T09:23:56","slug":"contact","status":"publish","type":"page","link":"https:\/\/moianesturisme.cat\/en\/contact\/","title":{"rendered":"Stay informed!"},"content":{"rendered":"<div class=\"wpb-content-wrapper\">[vc_row][vc_column][vc_custom_heading source=&#8221;post_title&#8221; font_container=&#8221;tag:h1|text_align:left&#8221; use_theme_fonts=&#8221;yes&#8221;][vc_empty_space height=&#8221;16px&#8221;][vc_separator][\/vc_column][\/vc_row][vc_row][vc_column][vc_gmaps link=&#8221;#E-8_JTNDaWZyYW1lJTIwc3JjJTNEJTIyaHR0cHMlM0ElMkYlMkZ3d3cuZ29vZ2xlLmNvbSUyRm1hcHMlMkZlbWJlZCUzRnBiJTNEJTIxMW0xOCUyMTFtMTIlMjExbTMlMjExZDI5NzMuNzM5NzkxOTU1MDQ4NSUyMTJkMi4wOTUyMzEwNTEzNzM4NzglMjEzZDQxLjgxMjM2NTU3OTEyNTQ4JTIxMm0zJTIxMWYwJTIxMmYwJTIxM2YwJTIxM20yJTIxMWkxMDI0JTIxMmk3NjglMjE0ZjEzLjElMjEzbTMlMjExbTIlMjExczB4MTJhNGU2ZDA2OGU0ZTljMSUyNTNBMHhjZDY4MWQzZDFiYmVmZWZlJTIxMnNDb25zb3JjaSUyQmRlbCUyQk1vaWFuJTI1QzMlMjVBOHMlMjE1ZTAlMjEzbTIlMjExc2VzJTIxMnNlcyUyMTR2MTU1MDc1MDg2MTM4NCUyMiUyMHdpZHRoJTNEJTIyNjAwJTIyJTIwaGVpZ2h0JTNEJTIyNDUwJTIyJTIwZnJhbWVib3JkZXIlM0QlMjIwJTIyJTIwc3R5bGUlM0QlMjJib3JkZXIlM0EwJTIyJTIwYWxsb3dmdWxsc2NyZWVuJTNFJTNDJTJGaWZyYW1lJTNF&#8221;][vc_column_text]\n<h4><a href=\"mailto:turisme@consorcidelmoianes.cat\" target=\"_blank\" rel=\"noopener noreferrer\">turisme@consorcidelmoianes.cat<\/a><br \/>\n[+34]\u00a093 830 14 18<br \/>\nCan Carner.\u00a0Carrer Joies 11- 13. 08180 Moi\u00e0<br \/>\n<a href=\"http:\/\/www.consorcidelmoianes.cat\" target=\"_blank\" rel=\"noopener noreferrer\">www.consorcidelmoianes.cat<\/a><\/h4>\n[\/vc_column_text][vc_column_text]<strong>Moian\u00e8s Tourist Office opening hours:<\/strong><\/p>\n<p>\u2013 Monday to Friday from 9 a.m. to 2 p.m., and from 4 p.m. to 7 p.m.<br \/>\n\u2013 Saturday, Sunday, and bank holidays, from 10 a.m. to 2 p.m.<br \/>\n[\/vc_column_text][vc_separator][vc_column_text]\n<h4><strong>You can also post your enquiries on our<\/strong> <a href=\"https:\/\/www.facebook.com\/consorcidelmoianes\" target=\"_blank\" rel=\"noopener noreferrer\">Facebook<\/a> page<br \/>\nor our\u00a0 <a href=\"https:\/\/twitter.com\/cmoianes\" target=\"_blank\" rel=\"noopener noreferrer\">Twitter<\/a> account<\/h4>\n[\/vc_column_text][vc_separator][vc_custom_heading text=&#8221;Contact Form&#8221; use_theme_fonts=&#8221;yes&#8221;][vc_empty_space height=&#8221;16px&#8221;][vc_column_text]You can contact us using this contact form.<\/p>\n\n<div class=\"wpcf7 no-js\" id=\"wpcf7-f11978-o1\" lang=\"en-US\" dir=\"ltr\" data-wpcf7-id=\"11978\">\n<div class=\"screen-reader-response\"><p role=\"status\" aria-live=\"polite\" aria-atomic=\"true\"><\/p> <ul><\/ul><\/div>\n<form action=\"\/en\/wp-json\/wp\/v2\/pages\/6472#wpcf7-f11978-o1\" method=\"post\" class=\"wpcf7-form init\" aria-label=\"Contact form\" novalidate=\"novalidate\" data-status=\"init\">\n<div style=\"display: none;\">\n<input type=\"hidden\" name=\"_wpcf7\" value=\"11978\" \/>\n<input type=\"hidden\" name=\"_wpcf7_version\" value=\"6.0.4\" \/>\n<input type=\"hidden\" name=\"_wpcf7_locale\" value=\"en_US\" \/>\n<input type=\"hidden\" name=\"_wpcf7_unit_tag\" value=\"wpcf7-f11978-o1\" \/>\n<input type=\"hidden\" name=\"_wpcf7_container_post\" value=\"0\" \/>\n<input type=\"hidden\" name=\"_wpcf7_posted_data_hash\" value=\"\" \/>\n<\/div>\n<p>Name\n<\/p>\n<p><span class=\"wpcf7-form-control-wrap\" data-name=\"your-name\"><input size=\"40\" maxlength=\"400\" class=\"wpcf7-form-control wpcf7-text wpcf7-validates-as-required\" aria-required=\"true\" aria-invalid=\"false\" value=\"\" type=\"text\" name=\"your-name\" \/><\/span>\n<\/p>\n<p>Email\n<\/p>\n<p><span class=\"wpcf7-form-control-wrap\" data-name=\"your-email\"><input size=\"40\" maxlength=\"400\" class=\"wpcf7-form-control wpcf7-email wpcf7-validates-as-required wpcf7-text wpcf7-validates-as-email\" aria-required=\"true\" aria-invalid=\"false\" value=\"\" type=\"email\" name=\"your-email\" \/><\/span>\n<\/p>\n<p>Phone number (optional)\n<\/p>\n<p><span class=\"wpcf7-form-control-wrap\" data-name=\"telefon\"><input size=\"40\" maxlength=\"400\" class=\"wpcf7-form-control wpcf7-tel wpcf7-text wpcf7-validates-as-tel\" aria-invalid=\"false\" value=\"\" type=\"tel\" name=\"telefon\" \/><\/span>\n<\/p>\n<p>Subject\n<\/p>\n<p><span class=\"wpcf7-form-control-wrap\" data-name=\"your-subject\"><input size=\"40\" maxlength=\"400\" class=\"wpcf7-form-control wpcf7-text\" aria-invalid=\"false\" value=\"\" type=\"text\" name=\"your-subject\" \/><\/span>\n<\/p>\n<p>Message\n<\/p>\n<p><span class=\"wpcf7-form-control-wrap\" data-name=\"your-message\"><textarea cols=\"40\" rows=\"10\" maxlength=\"2000\" class=\"wpcf7-form-control wpcf7-textarea\" aria-invalid=\"false\" name=\"your-message\"><\/textarea><\/span>\n<\/p>\n<fieldset>\n\t<div class=\"field-form legal-note\">\n\t\t<p><span class=\"wpcf7-form-control-wrap\" data-name=\"acceptance-807\"><span class=\"wpcf7-form-control wpcf7-acceptance\"><span class=\"wpcf7-list-item\"><input type=\"checkbox\" name=\"acceptance-807\" value=\"1\" aria-invalid=\"false\" \/><\/span><\/span><\/span> I accept\n\t\t<\/p>\n\t\t<p><b>Information relevant to data protection<\/b>\n\t\t<\/p>\n\t\t<p>Person in charge: Consorci del moian\u00e8s for the economic development of the towns and villages of the moian\u00e8s region.<br \/>\nData protection delegate: cmoianes@diba.cat<br \/>\nPurpose: Management of services regarding tourism offered by the Consorci del Moian\u00e8s.<br \/>\nLegitimation: To exercise public powers (Article 6.1. in RGPD 2016\/679 \u2013 Art.8 LOPD)<br \/>\nRights of data subjects: of access, rectification, erasure, limitation and objection to data processing, contact Consorci del Moian\u00e8s for the economic development of the towns and villages of the Moian\u00e8s region, in Joies street, 11-13, 08180 Moi\u00e0.<br \/>\nMore information about data protection at: <a href=\"http:\/\/www.consorcidelmoianes.cat\/ca\/consorci\/el-consorci-proteccio-de-dades\">http:\/\/www.consorcidelmoianes.cat\/ca\/consorci\/el-consorci-proteccio-de-dades<\/a>\n\t\t<\/p>\n\t<\/div>\n<\/fieldset>\n<fieldset>\n\t<div class=\"field-form\">\n\t\t<p><label><b>Captcha:<\/b><\/label>\n\t\t<\/p>\n\t\t<p><input type=\"hidden\" name=\"_wpcf7_captcha_challenge_captcha-372\" value=\"1162095711\" \/><img loading=\"lazy\" decoding=\"async\" class=\"wpcf7-form-control wpcf7-captchac wpcf7-captcha-captcha-372\" width=\"72\" height=\"24\" alt=\"captcha\" src=\"https:\/\/moianesturisme.cat\/wp-content\/uploads\/wpcf7_captcha\/1162095711.png\" \/><span class=\"wpcf7-form-control-wrap\" data-name=\"captcha-372\"><input size=\"50\" class=\"wpcf7-form-control wpcf7-captchar\" autocomplete=\"off\" aria-invalid=\"false\" value=\"\" type=\"text\" name=\"captcha-372\" \/><\/span>\n\t\t<\/p>\n\t<\/div>\n\t<p><input class=\"wpcf7-form-control wpcf7-submit has-spinner\" type=\"submit\" value=\"Send\" \/>\n\t<\/p>\n<\/fieldset><p style=\"display: none !important;\" class=\"akismet-fields-container\" data-prefix=\"_wpcf7_ak_\"><label>&#916;<textarea name=\"_wpcf7_ak_hp_textarea\" cols=\"45\" rows=\"8\" maxlength=\"100\"><\/textarea><\/label><input type=\"hidden\" id=\"ak_js_1\" name=\"_wpcf7_ak_js\" value=\"194\"\/><script>document.getElementById( \"ak_js_1\" ).setAttribute( \"value\", ( new Date() ).getTime() );<\/script><\/p><div class=\"wpcf7-response-output\" aria-hidden=\"true\"><\/div>\n<\/form>\n<\/div>\n[\/vc_column_text][vc_empty_space height=&#8221;16px&#8221;][\/vc_column][\/vc_row][vc_row][vc_column][vc_empty_space height=&#8221;100px&#8221;][\/vc_column][\/vc_row]\n<\/div>","protected":false},"excerpt":{"rendered":"<p>[vc_row][vc_column][vc_custom_heading source=&#8221;post_title&#8221; font_container=&#8221;tag:h1|text_align:left&#8221; use_theme_fonts=&#8221;yes&#8221;][vc_empty_space height=&#8221;16px&#8221;][vc_separator][\/vc_column][\/vc_row][vc_row][vc_column][vc_gmaps link=&#8221;#E-8_JTNDaWZyYW1lJTIwc3JjJTNEJTIyaHR0cHMlM0ElMkYlMkZ3d3cuZ29vZ2xlLmNvbSUyRm1hcHMlMkZlbWJlZCUzRnBiJTNEJTIxMW0xOCUyMTFtMTIlMjExbTMlMjExZDI5NzMuNzM5NzkxOTU1MDQ4NSUyMTJkMi4wOTUyMzEwNTEzNzM4NzglMjEzZDQxLjgxMjM2NTU3OTEyNTQ4JTIxMm0zJTIxMWYwJTIxMmYwJTIxM2YwJTIxM20yJTIxMWkxMDI0JTIxMmk3NjglMjE0ZjEzLjElMjEzbTMlMjExbTIlMjExczB4MTJhNGU2ZDA2OGU0ZTljMSUyNTNBMHhjZDY4MWQzZDFiYmVmZWZlJTIxMnNDb25zb3JjaSUyQmRlbCUyQk1vaWFuJTI1QzMlMjVBOHMlMjE1ZTAlMjEzbTIlMjExc2VzJTIxMnNlcyUyMTR2MTU1MDc1MDg2MTM4NCUyMiUyMHdpZHRoJTNEJTIyNjAwJTIyJTIwaGVpZ2h0JTNEJTIyNDUwJTIyJTIwZnJhbWVib3JkZXIlM0QlMjIwJTIyJTIwc3R5bGUlM0QlMjJib3JkZXIlM0EwJTIyJTIwYWxsb3dmdWxsc2NyZWVuJTNFJTNDJTJGaWZyYW1lJTNF&#8221;][vc_column_text] turisme@consorcidelmoianes.cat [+34]\u00a093 830 14 18 Can Carner.\u00a0Carrer Joies 11- 13. 08180 Moi\u00e0 www.consorcidelmoianes.cat [\/vc_column_text][vc_column_text]Moian\u00e8s Tourist Office opening hours: \u2013 Monday to Friday from 9 a.m. to 2 p.m., and from 4 p.m. to 7 p.m. \u2013 Saturday, Sunday, and bank holidays, from 10 a.m. to 2 p.m. [\/vc_column_text][vc_separator][vc_column_text] You [&hellip;]<\/p>\n","protected":false},"author":1,"featured_media":0,"parent":0,"menu_order":16,"comment_status":"open","ping_status":"open","template":"page-templates\/page-content-full.php","meta":{"_acf_changed":false,"_monsterinsights_skip_tracking":false,"_monsterinsights_sitenote_active":false,"_monsterinsights_sitenote_note":"","_monsterinsights_sitenote_category":0,"footnotes":""},"class_list":["post-6472","page","type-page","status-publish","hentry"],"acf":[],"_links":{"self":[{"href":"https:\/\/moianesturisme.cat\/en\/wp-json\/wp\/v2\/pages\/6472","targetHints":{"allow":["GET"]}}],"collection":[{"href":"https:\/\/moianesturisme.cat\/en\/wp-json\/wp\/v2\/pages"}],"about":[{"href":"https:\/\/moianesturisme.cat\/en\/wp-json\/wp\/v2\/types\/page"}],"author":[{"embeddable":true,"href":"https:\/\/moianesturisme.cat\/en\/wp-json\/wp\/v2\/users\/1"}],"replies":[{"embeddable":true,"href":"https:\/\/moianesturisme.cat\/en\/wp-json\/wp\/v2\/comments?post=6472"}],"version-history":[{"count":10,"href":"https:\/\/moianesturisme.cat\/en\/wp-json\/wp\/v2\/pages\/6472\/revisions"}],"predecessor-version":[{"id":11979,"href":"https:\/\/moianesturisme.cat\/en\/wp-json\/wp\/v2\/pages\/6472\/revisions\/11979"}],"wp:attachment":[{"href":"https:\/\/moianesturisme.cat\/en\/wp-json\/wp\/v2\/media?parent=6472"}],"curies":[{"name":"wp","href":"https:\/\/api.w.org\/{rel}","templated":true}]}}