{"id":5858,"date":"2013-10-27T22:32:01","date_gmt":"2013-10-27T22:32:01","guid":{"rendered":"http:\/\/moianesturisme.cat\/en\/?page_id=5858"},"modified":"2019-04-24T15:01:14","modified_gmt":"2019-04-24T14:01:14","slug":"calders","status":"publish","type":"page","link":"https:\/\/moianesturisme.cat\/en\/home\/10-towns\/calders\/","title":{"rendered":"Calders"},"content":{"rendered":"<div class=\"wpb-content-wrapper\">[vc_row][vc_column][vc_custom_heading text=&#8221;Calders&#8221; font_container=&#8221;tag:h1|text_align:left&#8221; use_theme_fonts=&#8221;yes&#8221;][vc_empty_space height=&#8221;16px&#8221;][vc_separator][\/vc_column][\/vc_row][vc_row][vc_column width=&#8221;2\/3&#8243;][vc_single_image image=&#8221;1785&#8243; img_size=&#8221;full&#8221;][vc_empty_space height=&#8221;16px&#8221;][vc_custom_heading text=&#8221;The birth of a village on the highroad&#8221; use_theme_fonts=&#8221;yes&#8221;][vc_empty_space height=&#8221;6px&#8221;][vc_column_text]Calders, which was born in the vicinity of the highroad, has a very characteristic, elongated shape. It developed on the crest line which separates the waters of Malrub\u00ed and Calders brooks. The old town was built around the Main Square, dominated by the Sant Vicen\u00e7 parish church. Besides its village centre, the extended municipal district of Calders includes the settlements of La Gu\u00e0rdia, L\u2019Oller, Les Hect\u00e0rees, La Col\u00f2nia Jorba and a large number of country houses.<\/p>\n<p>The district is crossed from east to west by the Calders river, which rises in Monistrol and flows into the Llobregat River, near Navarcles. Parallel to the river, from one end to the other (13 km), we can walk along the ancient <em>Strata Francisca<\/em>.<\/p>\n<p>The river has been narrowing on the calcareous materials and has given shape to a series of hillocks like those of <em>el Puig<\/em>, <em>la Gu\u00e0rdia<\/em> or <em>el Castell<\/em>, where an abandoned meander can be perfectly seen.<\/p>\n<p>Two thirds of the surface of the district are covered with Aleppo pine forests, and holm oak and oak woods.[\/vc_column_text][\/vc_column][vc_column width=&#8221;1\/3&#8243;][vc_single_image image=&#8221;1786&#8243; img_size=&#8221;full&#8221; alignment=&#8221;center&#8221;][vc_empty_space height=&#8221;16px&#8221;][vc_column_text]\n<h4 style=\"text-align: center;\"><a href=\"http:\/\/www.calders.cat\/\" target=\"_blank\" rel=\"noopener noreferrer\">calders.cat<\/a><\/h4>\n<p style=\"text-align: center;\">950 Inhabitants (2018)<br \/>\n30,10 km2<br \/>\n552 metres above sea level<\/p>\n[\/vc_column_text][\/vc_column][\/vc_row][vc_row][vc_column][vc_empty_space][vc_custom_heading text=&#8221;Places of interest&#8221; font_container=&#8221;tag:h3|text_align:left&#8221; use_theme_fonts=&#8221;yes&#8221;][vc_separator][vc_empty_space height=&#8221;16px&#8221;][vc_basic_grid post_type=&#8221;project&#8221; max_items=&#8221;&#8221; element_width=&#8221;3&#8243; item=&#8221;10741&#8243; grid_id=&#8221;vc_gid:1556114424746-78976fc3-ed9e-10&#8243; taxonomies=&#8221;514&#8243;][vc_empty_space][vc_separator][\/vc_column][\/vc_row][vc_row][vc_column][vc_custom_heading text=&#8221;10 Towns&#8221; use_theme_fonts=&#8221;yes&#8221;][vc_row_inner][vc_column_inner width=&#8221;1\/3&#8243;][vc_column_text el_class=&#8221;no-bullet no-padding&#8221;]\n<ul>\n<li>\n<h4><a href=\"https:\/\/moianesturisme.cat\/en\/home\/10-towns\/calders\/\">Calders<\/a><\/h4>\n<\/li>\n<li>\n<h4><a href=\"https:\/\/moianesturisme.cat\/en\/home\/10-towns\/castellcir\/\">Castellcir<\/a><\/h4>\n<\/li>\n<li>\n<h4><a href=\"https:\/\/moianesturisme.cat\/en\/home\/10-towns\/castelltercol\/\">Castellter\u00e7ol<\/a><\/h4>\n<\/li>\n<li>\n<h4><a href=\"https:\/\/moianesturisme.cat\/en\/home\/10-towns\/collsuspina\/\">Collsuspina<\/a><\/h4>\n<\/li>\n<\/ul>\n[\/vc_column_text][\/vc_column_inner][vc_column_inner width=&#8221;1\/3&#8243;][vc_column_text el_class=&#8221;no-bullet no-padding&#8221;]\n<ul>\n<li>\n<h4><a href=\"https:\/\/moianesturisme.cat\/en\/home\/10-towns\/lestany\/\">L\u2019Estany<\/a><\/h4>\n<\/li>\n<li>\n<h4><a href=\"https:\/\/moianesturisme.cat\/en\/home\/10-towns\/5872-2\/\">Granera<\/a><\/h4>\n<\/li>\n<li>\n<h4><a href=\"https:\/\/moianesturisme.cat\/en\/home\/10-towns\/moia\/\">Moi\u00e0<\/a><\/h4>\n<\/li>\n<\/ul>\n[\/vc_column_text][\/vc_column_inner][vc_column_inner width=&#8221;1\/3&#8243;][vc_column_text el_class=&#8221;no-bullet no-padding&#8221;]\n<ul>\n<li>\n<h4><a href=\"https:\/\/moianesturisme.cat\/en\/home\/10-towns\/monistrol-de-calders\/\">Monistrol de Calders<\/a><\/h4>\n<\/li>\n<li>\n<h4><a href=\"https:\/\/moianesturisme.cat\/en\/home\/10-towns\/sta-maria-dolo\/\">Santa Maria d\u2019Ol\u00f3<\/a><\/h4>\n<\/li>\n<li>\n<h4><a href=\"https:\/\/moianesturisme.cat\/en\/home\/10-towns\/sant-quirze-safaja\/\">Sant Quirze de Safaja<\/a><\/h4>\n<\/li>\n<\/ul>\n[\/vc_column_text][\/vc_column_inner][\/vc_row_inner][vc_empty_space height=&#8221;100px&#8221;][\/vc_column][\/vc_row]\n<\/div>","protected":false},"excerpt":{"rendered":"<p>[vc_row][vc_column][vc_custom_heading text=&#8221;Calders&#8221; font_container=&#8221;tag:h1|text_align:left&#8221; use_theme_fonts=&#8221;yes&#8221;][vc_empty_space height=&#8221;16px&#8221;][vc_separator][\/vc_column][\/vc_row][vc_row][vc_column width=&#8221;2\/3&#8243;][vc_single_image image=&#8221;1785&#8243; img_size=&#8221;full&#8221;][vc_empty_space height=&#8221;16px&#8221;][vc_custom_heading text=&#8221;The birth of a village on the highroad&#8221; use_theme_fonts=&#8221;yes&#8221;][vc_empty_space height=&#8221;6px&#8221;][vc_column_text]Calders, which was born in the vicinity of the highroad, has a very characteristic, elongated shape. It developed on the crest line which separates the waters of Malrub\u00ed and Calders brooks. The old town was built around [&hellip;]<\/p>\n","protected":false},"author":1,"featured_media":0,"parent":6497,"menu_order":0,"comment_status":"closed","ping_status":"closed","template":"page-templates\/page-content-home.php","meta":{"_acf_changed":false,"_monsterinsights_skip_tracking":false,"_monsterinsights_sitenote_active":false,"_monsterinsights_sitenote_note":"","_monsterinsights_sitenote_category":0,"footnotes":""},"class_list":["post-5858","page","type-page","status-publish","hentry"],"acf":[],"_links":{"self":[{"href":"https:\/\/moianesturisme.cat\/en\/wp-json\/wp\/v2\/pages\/5858","targetHints":{"allow":["GET"]}}],"collection":[{"href":"https:\/\/moianesturisme.cat\/en\/wp-json\/wp\/v2\/pages"}],"about":[{"href":"https:\/\/moianesturisme.cat\/en\/wp-json\/wp\/v2\/types\/page"}],"author":[{"embeddable":true,"href":"https:\/\/moianesturisme.cat\/en\/wp-json\/wp\/v2\/users\/1"}],"replies":[{"embeddable":true,"href":"https:\/\/moianesturisme.cat\/en\/wp-json\/wp\/v2\/comments?post=5858"}],"version-history":[{"count":9,"href":"https:\/\/moianesturisme.cat\/en\/wp-json\/wp\/v2\/pages\/5858\/revisions"}],"predecessor-version":[{"id":11435,"href":"https:\/\/moianesturisme.cat\/en\/wp-json\/wp\/v2\/pages\/5858\/revisions\/11435"}],"up":[{"embeddable":true,"href":"https:\/\/moianesturisme.cat\/en\/wp-json\/wp\/v2\/pages\/6497"}],"wp:attachment":[{"href":"https:\/\/moianesturisme.cat\/en\/wp-json\/wp\/v2\/media?parent=5858"}],"curies":[{"name":"wp","href":"https:\/\/api.w.org\/{rel}","templated":true}]}}