{"id":4138,"date":"2021-11-16T16:57:37","date_gmt":"2021-11-16T16:57:37","guid":{"rendered":"http:\/\/moianesturisme.cat\/agenda\/?page_id=4138"},"modified":"2025-06-30T13:17:55","modified_gmt":"2025-06-30T11:17:55","slug":"contacte","status":"publish","type":"page","link":"https:\/\/moianesturisme.cat\/agendacultural\/qui-som\/contacte\/","title":{"rendered":"Contacte\/Alta"},"content":{"rendered":"<div class=\"fusion-fullwidth fullwidth-box fusion-builder-row-1 fusion-flex-container nonhundred-percent-fullwidth non-hundred-percent-height-scrolling fusion-animated\" style=\"--awb-border-sizes-top:0px;--awb-border-sizes-bottom:0px;--awb-border-sizes-left:0px;--awb-border-sizes-right:0px;--awb-border-color:var(--awb-color3);--awb-border-radius-top-left:0px;--awb-border-radius-top-right:0px;--awb-border-radius-bottom-right:0px;--awb-border-radius-bottom-left:0px;--awb-padding-top:100px;--awb-padding-bottom:0px;--awb-margin-top:0px;--awb-margin-bottom:120px;--awb-margin-bottom-medium:80px;--awb-margin-bottom-small:60px;--awb-flex-wrap:wrap;\" data-animationType=\"fadeInUp\" data-animationDuration=\"1.3\" data-animationOffset=\"top-into-view\" ><div class=\"fusion-builder-row fusion-row fusion-flex-align-items-flex-start fusion-flex-justify-content-center fusion-flex-content-wrap\" style=\"max-width:calc( 1170px + 0px );margin-left: calc(-0px \/ 2 );margin-right: calc(-0px \/ 2 );\"><div class=\"fusion-layout-column fusion_builder_column fusion-builder-column-0 fusion-flex-column\" style=\"--awb-bg-blend:overlay;--awb-bg-size:cover;--awb-width-large:100%;--awb-margin-top-large:0px;--awb-spacing-right-large:calc( 0.016 * calc( 100% - 0 ) );--awb-margin-bottom-large:0px;--awb-spacing-left-large:0px;--awb-width-medium:40%;--awb-order-medium:0;--awb-spacing-right-medium:calc( 0.04 * calc( 100% - 0 ) );--awb-spacing-left-medium:0px;--awb-width-small:100%;--awb-order-small:0;--awb-spacing-right-small:0px;--awb-margin-bottom-small:15px;--awb-spacing-left-small:0px;\"><div class=\"fusion-column-wrapper fusion-column-has-shadow fusion-flex-justify-content-flex-start fusion-content-layout-column\"><div class=\"fusion-title title fusion-title-1 fusion-title-text fusion-title-size-two\" style=\"--awb-margin-bottom:0px;--awb-font-size:37px;\"><div class=\"title-sep-container title-sep-container-left fusion-no-large-visibility fusion-no-medium-visibility fusion-no-small-visibility\"><div class=\"title-sep sep- sep-solid\" style=\"border-color:var(--awb-color3);\"><\/div><\/div><span class=\"awb-title-spacer fusion-no-large-visibility fusion-no-medium-visibility fusion-no-small-visibility\"><\/span><h2 class=\"fusion-title-heading title-heading-left fusion-responsive-typography-calculated\" style=\"margin:0;font-size:1em;text-transform:none;--fontSize:37;line-height:1.35;\">Formulari de contacte \/ Alta:<\/h2><span class=\"awb-title-spacer\"><\/span><div class=\"title-sep-container title-sep-container-right\"><div class=\"title-sep sep- sep-solid\" style=\"border-color:var(--awb-color3);\"><\/div><\/div><\/div><\/div><\/div><div class=\"fusion-layout-column fusion_builder_column fusion-builder-column-1 fusion-flex-column\" style=\"--awb-bg-blend:overlay;--awb-bg-size:cover;--awb-width-large:100%;--awb-margin-top-large:0px;--awb-spacing-right-large:0px;--awb-margin-bottom-large:0px;--awb-spacing-left-large:calc( 0.04 * calc( 100% - 0 ) );--awb-width-medium:60%;--awb-order-medium:0;--awb-spacing-right-medium:0px;--awb-spacing-left-medium:calc( 0.066666666666667 * calc( 100% - 0 ) );--awb-width-small:100%;--awb-order-small:0;--awb-spacing-right-small:0px;--awb-spacing-left-small:0px;\"><div class=\"fusion-column-wrapper fusion-column-has-shadow fusion-flex-justify-content-flex-start fusion-content-layout-column\"><div class=\"fusion-text fusion-text-1 fusion-text-no-margin\" style=\"--awb-font-size:var(--awb-typography4-font-size);--awb-line-height:var(--awb-typography4-line-height);--awb-letter-spacing:var(--awb-typography4-letter-spacing);--awb-text-transform:var(--awb-typography4-text-transform);--awb-text-color:var(--awb-color8);--awb-margin-top:20px;--awb-text-font-family:var(--awb-typography4-font-family);--awb-text-font-weight:var(--awb-typography4-font-weight);--awb-text-font-style:var(--awb-typography4-font-style);\"><p>Fes-nos arribar la teva consulta o suggeriment,<\/p>\n<p>i si ets una entitat\/associaci\u00f3\/ajuntament i vols publicar les teves activitats dona&#8217;t d&#8217;alta omplint el seg\u00fcent formulari i et donarem acc\u00e9s.<\/p>\n<p>Consulta el <a href=\"http:\/\/moianesturisme.cat\/agendacultural\/wp-content\/uploads\/2025\/06\/Manual-Intranet-Agenda-Activitats-online.pdf\"><strong>manual d&#8217;instruccions per donar-te d&#8217;alta a la intranet<\/strong><\/a>.<\/p>\n<\/div><div class=\"fusion-form fusion-form-builder fusion-form-form-wrapper fusion-form-3349\" style=\"--awb-margin-top:30px;--awb-margin-bottom:0px;--awb-tooltip-text-color:#ffffff;--awb-tooltip-background-color:#333333;\" data-form-id=\"3349\" data-config=\"{&quot;form_id&quot;:&quot;3349&quot;,&quot;form_post_id&quot;:&quot;3349&quot;,&quot;post_id&quot;:4138,&quot;form_type&quot;:&quot;ajax&quot;,&quot;confirmation_type&quot;:&quot;message&quot;,&quot;redirect_url&quot;:&quot;&quot;,&quot;field_labels&quot;:{&quot;Nom&quot;:&quot;&quot;,&quot;Cognoms&quot;:&quot;&quot;,&quot;entitat-associacio-aj&quot;:&quot;&quot;,&quot;email_address&quot;:&quot;&quot;,&quot;Tel\\u00e8fon&quot;:&quot;&quot;,&quot;Municipi&quot;:&quot;&quot;,&quot;em_vull_donar_dalta_per_poder_publicar_esdeveniments_a_lagenda_&quot;:&quot;Alta publicaci\\u00f3&quot;,&quot;message&quot;:&quot;&quot;,&quot;accept&quot;:&quot;&quot;},&quot;field_logics&quot;:{&quot;Nom&quot;:&quot;&quot;,&quot;Cognoms&quot;:&quot;&quot;,&quot;entitat-associacio-aj&quot;:&quot;&quot;,&quot;email_address&quot;:&quot;&quot;,&quot;Tel\\u00e8fon&quot;:&quot;&quot;,&quot;Municipi&quot;:&quot;&quot;,&quot;em_vull_donar_dalta_per_poder_publicar_esdeveniments_a_lagenda_&quot;:&quot;&quot;,&quot;message&quot;:&quot;&quot;,&quot;accept&quot;:&quot;&quot;,&quot;notice_1&quot;:&quot;&quot;},&quot;field_types&quot;:{&quot;Nom&quot;:&quot;text&quot;,&quot;Cognoms&quot;:&quot;text&quot;,&quot;entitat-associacio-aj&quot;:&quot;text&quot;,&quot;email_address&quot;:&quot;email&quot;,&quot;Tel\\u00e8fon&quot;:&quot;text&quot;,&quot;Municipi&quot;:&quot;text&quot;,&quot;em_vull_donar_dalta_per_poder_publicar_esdeveniments_a_lagenda_&quot;:&quot;checkbox&quot;,&quot;recaptcha_1&quot;:&quot;recaptcha&quot;,&quot;message&quot;:&quot;textarea&quot;,&quot;accept&quot;:&quot;checkbox&quot;,&quot;notice_1&quot;:&quot;notice&quot;,&quot;submit_1&quot;:&quot;submit&quot;},&quot;nonce_method&quot;:&quot;ajax&quot;}\"><form action=\"https:\/\/moianesturisme.cat\/agendacultural\/qui-som\/contacte\/\" method=\"post\" class=\"fusion-form fusion-form-3349\"><div class=\"fusion-fullwidth fullwidth-box fusion-builder-row-1-1 fusion-flex-container nonhundred-percent-fullwidth non-hundred-percent-height-scrolling\" style=\"--awb-border-radius-top-left:0px;--awb-border-radius-top-right:0px;--awb-border-radius-bottom-right:0px;--awb-border-radius-bottom-left:0px;--awb-padding-top:0px;--awb-padding-right:0px;--awb-padding-bottom:0px;--awb-padding-left:0px;--awb-flex-wrap:wrap;\" ><div class=\"fusion-builder-row fusion-row fusion-flex-align-items-flex-start fusion-flex-content-wrap\" style=\"width:104% !important;max-width:104% !important;margin-left: calc(-4% \/ 2 );margin-right: calc(-4% \/ 2 );\"><div class=\"fusion-layout-column fusion_builder_column fusion-builder-column-2 fusion_builder_column_1_2 1_2 fusion-flex-column\" style=\"--awb-bg-size:cover;--awb-width-large:50%;--awb-margin-top-large:0px;--awb-spacing-right-large:3.84%;--awb-margin-bottom-large:0px;--awb-spacing-left-large:3.84%;--awb-width-medium:100%;--awb-order-medium:0;--awb-spacing-right-medium:1.92%;--awb-spacing-left-medium:1.92%;--awb-width-small:100%;--awb-order-small:0;--awb-spacing-right-small:1.92%;--awb-spacing-left-small:1.92%;\"><div class=\"fusion-column-wrapper fusion-column-has-shadow fusion-flex-justify-content-flex-start fusion-content-layout-column\"><div class=\"fusion-form-field fusion-form-text-field fusion-form-label-above\" style=\"\" data-form-id=\"3349\"><input type=\"text\" autocomplete=\"off\"  data-empty-notice=\"El camp Nom \u00e9s obligatori\" name=\"Nom\" id=\"Nom\" value=\"\"  class=\"fusion-form-input\" required=\"true\" aria-required=\"true\" placeholder=\"Nom *\" data-holds-private-data=\"false\" minlength=\"0\"\/><\/div><div class=\"fusion-form-field fusion-form-text-field fusion-form-label-above\" style=\"\" data-form-id=\"3349\"><input type=\"text\" autocomplete=\"off\"  data-empty-notice=\"El camp Cognoms \u00e9s obligatori\" name=\"Cognoms\" id=\"Cognoms\" value=\"\"  class=\"fusion-form-input\" required=\"true\" aria-required=\"true\" placeholder=\"Cognoms *\" data-holds-private-data=\"false\" minlength=\"0\"\/><\/div><div class=\"fusion-form-field fusion-form-text-field fusion-form-label-above\" style=\"\" data-form-id=\"3349\"><input type=\"text\" autocomplete=\"off\"  data-empty-notice=\"El camp Entitat \u00e9s obligatori\" name=\"entitat-associacio-aj\" id=\"entitat-associacio-aj\" value=\"\"  class=\"fusion-form-input\" required=\"true\" aria-required=\"true\" placeholder=\"Entitat \/ Associaci\u00f3 \/ Ajuntament *\" data-holds-private-data=\"false\" minlength=\"0\"\/><\/div><\/div><\/div><div class=\"fusion-layout-column fusion_builder_column fusion-builder-column-3 fusion_builder_column_1_2 1_2 fusion-flex-column\" style=\"--awb-bg-size:cover;--awb-width-large:50%;--awb-margin-top-large:0px;--awb-spacing-right-large:3.84%;--awb-margin-bottom-large:0px;--awb-spacing-left-large:3.84%;--awb-width-medium:100%;--awb-order-medium:0;--awb-spacing-right-medium:1.92%;--awb-spacing-left-medium:1.92%;--awb-width-small:100%;--awb-order-small:0;--awb-spacing-right-small:1.92%;--awb-spacing-left-small:1.92%;\"><div class=\"fusion-column-wrapper fusion-column-has-shadow fusion-flex-justify-content-flex-start fusion-content-layout-column\"><div class=\"fusion-form-field fusion-form-email-field fusion-form-label-above\" style=\"\" data-form-id=\"3349\"><input type=\"email\" autocomplete=\"off\"  data-empty-notice=\"El camp Correu electr\u00f2nic \u00e9s obligatori\" name=\"email_address\" id=\"email_address\" value=\"\"  class=\"fusion-form-input\" required=\"true\" aria-required=\"true\" placeholder=\"Correu electr\u00f2nic *\" data-holds-private-data=\"false\"\/><\/div><div class=\"fusion-form-field fusion-form-text-field fusion-form-label-above\" style=\"\" data-form-id=\"3349\"><input type=\"text\" autocomplete=\"off\" name=\"Tel\u00e8fon\" id=\"Tel\u00e8fon\" value=\"\"  class=\"fusion-form-input\" placeholder=\"Tel\u00e8fon \" data-holds-private-data=\"false\" minlength=\"0\"\/><\/div><div class=\"fusion-form-field fusion-form-text-field fusion-form-label-above\" style=\"\" data-form-id=\"3349\"><input type=\"text\" autocomplete=\"off\"  data-empty-notice=\"El camp Municipi \u00e9s obligatori\" name=\"Municipi\" id=\"Municipi\" value=\"\"  class=\"fusion-form-input\" required=\"true\" aria-required=\"true\" placeholder=\"Municipi *\" data-holds-private-data=\"false\" minlength=\"0\"\/><\/div><\/div><\/div><div class=\"fusion-layout-column fusion_builder_column fusion-builder-column-4 fusion_builder_column_1_1 1_1 fusion-flex-column\" style=\"--awb-bg-size:cover;--awb-width-large:100%;--awb-margin-top-large:0px;--awb-spacing-right-large:1.92%;--awb-margin-bottom-large:0px;--awb-spacing-left-large:1.92%;--awb-width-medium:100%;--awb-order-medium:0;--awb-spacing-right-medium:1.92%;--awb-spacing-left-medium:1.92%;--awb-width-small:100%;--awb-order-small:0;--awb-spacing-right-small:1.92%;--awb-spacing-left-small:1.92%;\"><div class=\"fusion-column-wrapper fusion-column-has-shadow fusion-flex-justify-content-flex-start fusion-content-layout-column\"><div class=\"fusion-form-field fusion-form-checkbox-field fusion-form-label-above\" style=\"\" data-form-id=\"3349\"><div class=\"fusion-form-label-wrapper\"><span class=\"label\">Alta publicaci\u00f3<\/span><\/div><fieldset><div class=\"fusion-form-checkbox\"><input tabindex=\"\" id=\"checkbox-em_vull_donar_dalta_per_poder_publicar_esdeveniments_a_lagenda_-1-0\" type=\"checkbox\" value=\"Em vull donar d'alta per poder publicar esdeveniments a l'Agenda.\" name=\"em_vull_donar_dalta_per_poder_publicar_esdeveniments_a_lagenda_[]\" class=\"fusion-form-input\" data-holds-private-data=\"false\"\/><label for=\"checkbox-em_vull_donar_dalta_per_poder_publicar_esdeveniments_a_lagenda_-1-0\">Em vull donar d'alta per poder publicar esdeveniments a l'Agenda.<\/label><\/div><\/fieldset><\/div><div class=\"fusion-form-field fusion-form-recaptcha-field fusion-form-label-above\" style=\"\" data-form-id=\"3349\">\t\t\t\t<div class=\"form-creator-recaptcha\" >\n\t\t\t\t\t\t\t\t\t\t\t\t\t\t\t\t\t\t\t\t\t\t\t<div class=\"fusion-form-recaptcha-wrapper\">\n\t\t\t\t\t\t\t\t\t\t<div\n\t\t\t\t\t\t\tid=\"g-recaptcha-id-form-3349\"\n\t\t\t\t\t\t\tclass=\"fusion-form-recaptcha-v3 recaptcha-container \"\n\t\t\t\t\t\t\tdata-sitekey=\"6LczrzImAAAAAPj0G9_LxGybt9q-GDl72SwtmckY\"\n\t\t\t\t\t\t\tdata-badge=\"bottomleft\">\n\t\t\t\t\t\t<\/div>\n\t\t\t\t\t\t<input\n\t\t\t\t\t\t\ttype=\"hidden\"\n\t\t\t\t\t\t\tname=\"fusion-form-recaptcha-response\"\n\t\t\t\t\t\t\tclass=\"g-recaptcha-response\"\n\t\t\t\t\t\t\tid=\"fusion-form-recaptcha-response-3349\"\n\t\t\t\t\t\t\tvalue=\"\">\n\t\t\t\t\t\t\t\t\t<\/div>\n\t\t\t\t\t\t\t\t\t\t\t\t\t\t\t<\/div>\n\t\t\t\t<\/div><\/div><\/div><div class=\"fusion-layout-column fusion_builder_column fusion-builder-column-5 fusion_builder_column_1_1 1_1 fusion-flex-column\" style=\"--awb-bg-size:cover;--awb-width-large:100%;--awb-margin-top-large:0px;--awb-spacing-right-large:1.92%;--awb-margin-bottom-large:0px;--awb-spacing-left-large:1.92%;--awb-width-medium:100%;--awb-order-medium:0;--awb-spacing-right-medium:1.92%;--awb-spacing-left-medium:1.92%;--awb-width-small:100%;--awb-order-small:0;--awb-spacing-right-small:1.92%;--awb-spacing-left-small:1.92%;\"><div class=\"fusion-column-wrapper fusion-column-has-shadow fusion-flex-justify-content-flex-start fusion-content-layout-column\"><div class=\"fusion-form-field fusion-form-textarea-field fusion-form-label-above\" style=\"\" data-form-id=\"3349\"><textarea cols=\"40\" autocomplete=\"off\"  minlength=\"0\"  rows=\"4\" tabindex=\"\" id=\"message\" name=\"message\" class=\"fusion-form-input\" required=\"true\" aria-required=\"true\" placeholder=\"La teva consulta o comentari *\" data-holds-private-data=\"false\"><\/textarea><\/div><div class=\"fusion-text fusion-text-2\" style=\"--awb-font-size:var(--awb-typography5-font-size);--awb-line-height:var(--awb-typography5-line-height);--awb-letter-spacing:var(--awb-typography5-letter-spacing);--awb-text-transform:var(--awb-typography5-text-transform);--awb-text-color:var(--awb-color8);--awb-margin-top:30px;--awb-text-font-family:var(--awb-typography5-font-family);--awb-text-font-weight:var(--awb-typography5-font-weight);--awb-text-font-style:var(--awb-typography5-font-style);\"><p>En compliment de la vigent normativa de protecci\u00f3 de dades, el Reglament General de Protecci\u00f3 de Dades (679\/2016) i la Llei Org\u00e0nica 3\/2018 de 5 de desembre de Protecci\u00f3 de Dades i garantia dels drets digitals, el Consell Comarcal del Moian\u00e8s facilita la seg\u00fcent<strong> informaci\u00f3 b\u00e0sica sobre protecci\u00f3 de dades<\/strong>:<\/p>\n<ul>\n<li><strong>Responsable del tractament<\/strong>: Consell Comarcal del Moian\u00e8s i els seus ens dependents: Consorci del Moian\u00e8s.<\/li>\n<li><strong>Delegat de protecci\u00f3 de dades<\/strong>: <a href=\"mailto:ccmn.consell@ccmoianes.cat\">ccmn.consell@ccmoianes.cat<\/a><\/li>\n<li><strong>Finalitat<\/strong>: Les dades s\u2019utilitzaran \u00fanicament per donar compliment a les finalitats de la petici\u00f3 formulada mitjan\u00e7ant aquest formulari (gestionar les seves sol\u00b7licituds de contacte\/gestionar les seves dades de contacte com a representant de l\u2019entitat per a les seves sol\u00b7licituds d\u2019alta).<\/li>\n<li><strong>Legitimaci\u00f3<\/strong>: Exercici de poders p\u00fablics (Article 6.1.e del RGPD 2016\/679 \u2013 Art.8 LOPD)<\/li>\n<li>Les dades no seran cedides a tercers excepte per a la prestaci\u00f3 o per compliment d\u2019una obligaci\u00f3 legal i seran conservades durant el temps de prestaci\u00f3 del servei i en compliment de la normativa aplicable.<\/li>\n<li><strong>Drets dels titulars<\/strong>: En cas de desitjar-ho pot exercir els drets d\u2019acc\u00e9s, rectificaci\u00f3, supressi\u00f3, oposici\u00f3 i limitaci\u00f3 del tractament dirigint-se al Consell Comarcal del Moian\u00e8s, c\/ Joies 11-13 - 08180 Moi\u00e0.\u00a0\u00a0En cas de considerar que els seus drets de protecci\u00f3 de dades han estat vulnerats pot presentar una reclamaci\u00f3 davant de l\u2019Autoritat Catalana de Protecci\u00f3 de Dades (<a href=\"http:\/\/www.apdcat.cat\">www.apdcat.cat<\/a>).<\/li>\n<\/ul>\n<p>Per saber m\u00e9s sobre la protecci\u00f3 de dades podeu consultar el seg\u00fcent enlla\u00e7 a la web del Consell Comarcal del Moian\u00e8s: <a href=\"http:\/\/www.ccmoianes.cat\/altres-continguts\/proteccio-de-dades\/\">http:\/\/www.ccmoianes.cat\/altres-continguts\/proteccio-de-dades\/<\/a><\/p>\n<\/div>\n<div class=\"fusion-form-field fusion-form-checkbox-field fusion-form-label-above\" style=\"\" data-form-id=\"3349\"><fieldset><div class=\"fusion-form-checkbox\"><input tabindex=\"\" id=\"checkbox-accept-2-0\" type=\"checkbox\" value=\"Accepto\" name=\"accept[]\" class=\"fusion-form-input\" data-holds-private-data=\"false\"\/><label for=\"checkbox-accept-2-0\">Accepto<\/label><\/div><\/fieldset><\/div><div class=\"form-submission-notices data-notice_1\" id=\"fusion-notices-1\"><div class=\"fusion-alert alert success alert-success fusion-alert-center fusion-form-response fusion-form-response-success awb-alert-native-link-color alert-dismissable awb-alert-close-boxed\" role=\"alert\"><div class=\"fusion-alert-content-wrapper\"><span class=\"alert-icon\"><i class=\"awb-icon-check-circle\" aria-hidden=\"true\"><\/i><\/span><span class=\"fusion-alert-content\">Gr\u00e0cies pel teu missatge. S'ha enviat correctament.<\/span><\/div><button type=\"button\" class=\"close toggle-alert\" data-dismiss=\"alert\" aria-label=\"Close\">&times;<\/button><\/div><div class=\"fusion-alert alert error alert-danger fusion-alert-center fusion-form-response fusion-form-response-error awb-alert-native-link-color alert-dismissable awb-alert-close-boxed\" role=\"alert\"><div class=\"fusion-alert-content-wrapper\"><span class=\"alert-icon\"><i class=\"awb-icon-exclamation-triangle\" aria-hidden=\"true\"><\/i><\/span><span class=\"fusion-alert-content\">S'ha produ\u00eft un error en intentar enviar el teu missatge. Siusplau, intenta-ho m\u00e9s tard.<\/span><\/div><button type=\"button\" class=\"close toggle-alert\" data-dismiss=\"alert\" aria-label=\"Close\">&times;<\/button><\/div><\/div><div class=\"fusion-form-field fusion-form-submit-field fusion-form-label-above\" style=\"\" data-form-id=\"3349\"><div ><button type=\"submit\" class=\"fusion-button button-flat fusion-button-default-size button-default fusion-button-default button-1 fusion-button-default-span  form-form-submit button-default\" data-form-number=\"3349\" tabindex=\"\"><span class=\"fusion-button-text awb-button__text awb-button__text--default\">Envia<\/span><\/button><\/div><\/div><\/div><\/div><\/div><\/div><\/form><\/div><\/div><\/div><\/div><\/div>\n","protected":false},"excerpt":{"rendered":"","protected":false},"author":1,"featured_media":0,"parent":3827,"menu_order":2,"comment_status":"closed","ping_status":"closed","template":"100-width.php","meta":{"_acf_changed":false,"footnotes":""},"class_list":["post-4138","page","type-page","status-publish","hentry"],"acf":[],"_links":{"self":[{"href":"https:\/\/moianesturisme.cat\/agendacultural\/wp-json\/wp\/v2\/pages\/4138","targetHints":{"allow":["GET"]}}],"collection":[{"href":"https:\/\/moianesturisme.cat\/agendacultural\/wp-json\/wp\/v2\/pages"}],"about":[{"href":"https:\/\/moianesturisme.cat\/agendacultural\/wp-json\/wp\/v2\/types\/page"}],"author":[{"embeddable":true,"href":"https:\/\/moianesturisme.cat\/agendacultural\/wp-json\/wp\/v2\/users\/1"}],"replies":[{"embeddable":true,"href":"https:\/\/moianesturisme.cat\/agendacultural\/wp-json\/wp\/v2\/comments?post=4138"}],"version-history":[{"count":16,"href":"https:\/\/moianesturisme.cat\/agendacultural\/wp-json\/wp\/v2\/pages\/4138\/revisions"}],"predecessor-version":[{"id":15851,"href":"https:\/\/moianesturisme.cat\/agendacultural\/wp-json\/wp\/v2\/pages\/4138\/revisions\/15851"}],"up":[{"embeddable":true,"href":"https:\/\/moianesturisme.cat\/agendacultural\/wp-json\/wp\/v2\/pages\/3827"}],"wp:attachment":[{"href":"https:\/\/moianesturisme.cat\/agendacultural\/wp-json\/wp\/v2\/media?parent=4138"}],"curies":[{"name":"wp","href":"https:\/\/api.w.org\/{rel}","templated":true}]}}